{"id":291,"date":"2023-02-18T14:57:17","date_gmt":"2023-02-18T14:57:17","guid":{"rendered":"https:\/\/www.dr-w-koch.de\/web\/?page_id=291"},"modified":"2023-02-23T13:13:45","modified_gmt":"2023-02-23T13:13:45","slug":"nuklearmedizin-szintigraphie","status":"publish","type":"page","link":"https:\/\/www.dr-w-koch.de\/web\/nuklearmedizin-szintigraphie\/","title":{"rendered":"Nuklearmedizin, Tracerdiagnostik, Szintigraphie"},"content":{"rendered":"\n<p>Nuklearmedizin bedeutet weit mehr als Schilddr\u00fcsenszintigraphie, wie Sie bisher in der Praxis angeboten wurde. Das Erfolgskonzept angenehmer Diagnostik in netter Atmosph\u00e4re zentral in der Stadt Straubing wurde umfassend f\u00fcr weitere Gebiete der Nuklearmedizin ausgebaut.<\/p>\n\n\n\n<p>Ab sofort bieten wir Ihnen, liebe Patientin und lieber Patient, auch das&nbsp;<strong>gesamte Spektrum der Nuklearmedizin<\/strong>&nbsp;an, insbesondere:<\/p>\n\n\n\n<ul class=\"wp-block-list\">\n<li><a href=\"https:\/\/www.dr-w-koch.de\/web\/nuklearmedizinische-methoden\/\"><strong>Skelett<\/strong>szintigramme <\/a>(z.B. bei Frage nach Prothesenlockerung, entz\u00fcndlichen Prozessen am Knochen, Tumorabsiedlungen im Knochen)<\/li>\n\n\n\n<li><a href=\"https:\/\/www.dr-w-koch.de\/web\/nuklearmedizinische-herzdiagnostik\/\"><strong>Herz<\/strong>szintigramme <\/a>(bei Frage nach Durchblutungsst\u00f6rungen des Herzens)<\/li>\n\n\n\n<li><strong>Nebenschilddr\u00fcse<\/strong>nszintigramme (bei \u00dcberproduktion der Nebenschilddr\u00fcsen &#8222;Hyperparathyreoidismus&#8220;)<\/li>\n\n\n\n<li><strong>Somatostatinrezeptor<\/strong>szintigramme (zur Diagnostik bei neuroendokrinen Tumoren)<\/li>\n\n\n\n<li><strong>Entz\u00fcndung<\/strong>sszintigramme (zur Suche nach versteckten entz\u00fcndlichen Prozessen im K\u00f6rper)<\/li>\n\n\n\n<li><strong>Knochenmark<\/strong>szintigramme (zur Erkennung knochenmarkverdr\u00e4ngender Tumore)<\/li>\n\n\n\n<li><strong>Gehirn<\/strong>durchblutungsszintigramme (in der Demenz- und Hirninfarktdiagnostik)<\/li>\n\n\n\n<li>Darstellung der dopaminergen Nervenzellen (in der&nbsp;<strong>Parkinson-Diagnostik<\/strong>)<\/li>\n\n\n\n<li><a href=\"https:\/\/www.dr-w-koch.de\/web\/niere\/\"><strong>Niere<\/strong>nszintigramme<\/a> (zur Nierenfunktionsdiagnostik, Seitentrennung der Nierenfunktion und Beurteilung von Harnabflussst\u00f6rungen)<\/li>\n\n\n\n<li><strong>Lunge<\/strong>nszintigramme (zur Erkennung von Durchblutungsausf\u00e4llen der Lunge)<\/li>\n\n\n\n<li><a href=\"https:\/\/www.dr-w-koch.de\/web\/schilddruesendiagnostik\/\"><strong>Schilddr\u00fcse<\/strong>nszintigraphie<\/a> (zur Beurteilung von Schilddr\u00fcsenknoten)<\/li>\n\n\n\n<li><strong>Speiser\u00f6hre<\/strong>nszintigraphie (zur Erkennung von Schluckst\u00f6rungen)<\/li>\n\n\n\n<li><strong>Magen<\/strong>szintigraphie (zur Erkennung von Magenentleerungsst\u00f6rungen)<\/li>\n\n\n\n<li><strong>Therapie&nbsp;<\/strong>mit radioaktiven Stoffen bei Schmerzen durch Knochenmetastasen.\n<ul class=\"wp-block-list\"><\/ul>\n<\/li>\n<\/ul>\n\n\n\n<p>Erfahren Sie mehr zur Anwendung der Nuklearmedizin:<\/p>\n\n\n\n<ul class=\"wp-block-list\">\n<li><a href=\"https:\/\/www.dr-w-koch.de\/web\/schilddruesendiagnostik\/\">Schilddr\u00fcsendiagnostik<\/a><\/li>\n\n\n\n<li><a href=\"https:\/\/www.dr-w-koch.de\/web\/nuklearmedizinische-herzdiagnostik\/\">Herzerkrankungen<\/a><\/li>\n\n\n\n<li><a href=\"https:\/\/www.dr-w-koch.de\/web\/tumordiagnostik\/\">Tumordiagnostik<\/a><\/li>\n\n\n\n<li><a href=\"https:\/\/www.dr-w-koch.de\/web\/gehirnszintigraphie\/\">Gehirn\/Nervensystem<\/a><\/li>\n\n\n\n<li><a href=\"https:\/\/www.dr-w-koch.de\/web\/niere\/\">Niere<\/a><\/li>\n<\/ul>\n\n\n\n<p>Was ist Nuklearmedizin?<\/p>\n\n\n\n<p>Die&nbsp;<strong>Nuklearmedizin<\/strong>&nbsp;umfasst die Anwendung radioaktiver Substanzen und kernphysikalischer Verfahren in der Medizin zur Funktions- und Lokalisationsdiagnostik sowie offener Radionuklide in der Therapie und den Strahlenschutz mit seinen physikalischen, biologischen und medizinischen Grundlagen.<\/p>\n\n\n\n<p>Anders als bei Verfahren der Radiologie wie z.B. R\u00f6ntgen, Computertomographie und Kernspintomographie zeigt die Nuklearmedizin weniger den Gewebsaufbau, sondern stellt die&nbsp;<strong>Funktion von Organen und Geweben<\/strong>&nbsp;dar. H\u00e4ufig ist n\u00e4mlich die Organfunktion (der Stoffwechsel) fr\u00fcher krankheitsbedingt gest\u00f6rt, als dass sich Strukturver\u00e4nderungen nachweisen lassen. Obwohl der Begriff \u201eNuklearmedizin\u201c oft bedrohlich klingt, ist die&nbsp;<strong>Strahlenexposition der Untersuchungen meist geringer als bei anderen, h\u00e4ufiger eingesetzten Verfahren wie z.B. der Computertomographie<\/strong>.<\/p>\n\n\n\n<p>Allen Untersuchungsverfahren liegt das&nbsp;<strong>Tracer-Prinzip<\/strong>&nbsp;zugrunde. Hierbei wird eine Substanz, die der K\u00f6rper als \u201eN\u00e4hrstoff\u201c verstoffwechselt, mit einem schwachen radioaktiven Strahler markiert und in die Vene gespritzt. Dieses \u201eRadiopharmakon\u201c l\u00e4sst sich nun mit einem speziellen Ger\u00e4t (der Gammakamera) im K\u00f6rper verfolgen und dessen Anreicherung\/Speicherung in den Zellen bildlich sichtbar machen. Mit diesem Prinzip lassen sich die verschiedensten K\u00f6rperfunktionen \u00fcberpr\u00fcfen, so dass die Nuklearmedizin ein facettenreiches Spektrum an Untersuchungsm\u00f6glichkeiten bietet.<\/p>\n\n\n\n<p>Zum Beispiel verwendet man in der Knochenszintigraphie ein Radiopharmakon, das von knochenbildenden Zellen aufgenommen wird. Gesundes Knochengewebe zeigt im resultierenden Bild (\u201eSzintigramm\u201c) niedrige Aufnahme der Substanz, die von normalen Umbauprozessen herr\u00fchrt. Zeigt sich dagegen ein verst\u00e4rkter Knochenumbau, l\u00e4sst dies auf krankhafte Vorg\u00e4nge schlie\u00dfen. Dabei kann es sich um Prellungen, heilende Knochenbr\u00fcche, Krebs, gutartige Knochentumore, Arthrosen oder Entz\u00fcndungen handeln.<br>In \u00e4hnlicher Weise kann die Nierenszintigraphie die Anreicherung und die Ausscheidung eines Radiopharmakons durch die Niere in vielen Einzelbildern \u201edynamisch\u201c darstellen, wodurch sich eine Einschr\u00e4nkung der Nierenfunktion und Probleme beim Abfluss des Urins in die Blase beurteilen lassen.<\/p>\n\n\n\n<p><\/p>\n\n\n\n<figure class=\"wp-block-image size-full\"><img loading=\"lazy\" decoding=\"async\" width=\"640\" height=\"429\" src=\"https:\/\/www.dr-w-koch.de\/web\/wp-content\/uploads\/2023\/02\/ecam1.jpg\" alt=\"\" class=\"wp-image-292\" srcset=\"https:\/\/www.dr-w-koch.de\/web\/wp-content\/uploads\/2023\/02\/ecam1.jpg 640w, https:\/\/www.dr-w-koch.de\/web\/wp-content\/uploads\/2023\/02\/ecam1-300x201.jpg 300w\" sizes=\"auto, (max-width: 640px) 100vw, 640px\" \/><figcaption class=\"wp-element-caption\">ECAM Single Photon Emission Computed Tomography Kamera<\/figcaption><\/figure>\n\n\n\n<p><strong>Herzst\u00fcck&nbsp;<\/strong>der nuklearmedizinischen Diagnostik in unserer Praxis, eine modern ausger\u00fcstete &#8222;ECAM variable&#8220;-SPECT-Kamera. Diese kann von den K\u00f6rperzellen ausgehende Strahlung pr\u00e4zise lokalisieren und bildlich darstellen. Auch 3-dimensionale Untersuchungen und Untersuchungen synchron zum Herzschlag stellen f\u00fcr das Ger\u00e4t keine Herausforderung dar. Das Ger\u00e4t kombiniert Patientenkomfort mit modernster Technik. Als Besonderheit nutzen wir f\u00fcr unser System eine spezielle Bildverarbeitungssoftware, die zahlreiche physikalische Effekte des radioaktiven Zerfalls und der Flugbahn von Gammastrahlen durch den K\u00f6rper ber\u00fccksichtigen kann und so gegen\u00fcber Standardverarbeitungsalgorithmen stets optimale Bildqualit\u00e4t liefert.<\/p>\n\n\n\n<figure class=\"wp-block-image size-full\"><img loading=\"lazy\" decoding=\"async\" width=\"640\" height=\"429\" src=\"https:\/\/www.dr-w-koch.de\/web\/wp-content\/uploads\/2023\/02\/ecam6.jpg\" alt=\"\" class=\"wp-image-297\" srcset=\"https:\/\/www.dr-w-koch.de\/web\/wp-content\/uploads\/2023\/02\/ecam6.jpg 640w, https:\/\/www.dr-w-koch.de\/web\/wp-content\/uploads\/2023\/02\/ecam6-300x201.jpg 300w\" sizes=\"auto, (max-width: 640px) 100vw, 640px\" \/><\/figure>\n\n\n\n<p>Und auch Sie d\u00fcrfen strahlend l\u00e4cheln, denn Platzangst ist bei uns in der Regel kein Thema. Eng ist es in dem Ger\u00e4t nicht wirklich. &#8230;Und von dem gespritzten &#8222;Kontrastmittel&#8220; (genauer &#8222;Radiopharmakon&#8220;) sp\u00fcren Sie nichts.<\/p>\n\n\n\n<p>Auf Ihren Besuch freuen wir uns sehr!<\/p>\n\n\n\n<figure class=\"wp-block-image size-full\"><img loading=\"lazy\" decoding=\"async\" width=\"640\" height=\"429\" src=\"https:\/\/www.dr-w-koch.de\/web\/wp-content\/uploads\/2023\/02\/ecam2.jpg\" alt=\"\" class=\"wp-image-293\" srcset=\"https:\/\/www.dr-w-koch.de\/web\/wp-content\/uploads\/2023\/02\/ecam2.jpg 640w, https:\/\/www.dr-w-koch.de\/web\/wp-content\/uploads\/2023\/02\/ecam2-300x201.jpg 300w\" sizes=\"auto, (max-width: 640px) 100vw, 640px\" \/><\/figure>\n\n\n\n<figure class=\"wp-block-image size-full\"><img loading=\"lazy\" decoding=\"async\" width=\"640\" height=\"429\" src=\"https:\/\/www.dr-w-koch.de\/web\/wp-content\/uploads\/2023\/02\/nuklearmedizin.jpg\" alt=\"\" class=\"wp-image-276\" srcset=\"https:\/\/www.dr-w-koch.de\/web\/wp-content\/uploads\/2023\/02\/nuklearmedizin.jpg 640w, https:\/\/www.dr-w-koch.de\/web\/wp-content\/uploads\/2023\/02\/nuklearmedizin-300x201.jpg 300w\" sizes=\"auto, (max-width: 640px) 100vw, 640px\" \/><\/figure>\n\n\n\n<figure class=\"wp-block-image size-full\"><img loading=\"lazy\" decoding=\"async\" width=\"640\" height=\"429\" src=\"https:\/\/www.dr-w-koch.de\/web\/wp-content\/uploads\/2023\/02\/ecam4.jpg\" alt=\"\" class=\"wp-image-295\" srcset=\"https:\/\/www.dr-w-koch.de\/web\/wp-content\/uploads\/2023\/02\/ecam4.jpg 640w, https:\/\/www.dr-w-koch.de\/web\/wp-content\/uploads\/2023\/02\/ecam4-300x201.jpg 300w\" sizes=\"auto, (max-width: 640px) 100vw, 640px\" \/><\/figure>\n\n\n\n<figure class=\"wp-block-image size-full\"><img loading=\"lazy\" decoding=\"async\" width=\"640\" height=\"429\" src=\"https:\/\/www.dr-w-koch.de\/web\/wp-content\/uploads\/2023\/02\/ecam5.jpg\" alt=\"\" class=\"wp-image-296\" srcset=\"https:\/\/www.dr-w-koch.de\/web\/wp-content\/uploads\/2023\/02\/ecam5.jpg 640w, https:\/\/www.dr-w-koch.de\/web\/wp-content\/uploads\/2023\/02\/ecam5-300x201.jpg 300w\" sizes=\"auto, (max-width: 640px) 100vw, 640px\" \/><\/figure>\n","protected":false},"excerpt":{"rendered":"<p>Nuklearmedizin bedeutet weit mehr als Schilddr\u00fcsenszintigraphie, wie Sie bisher in der Praxis angeboten wurde. Das Erfolgskonzept angenehmer Diagnostik in netter Atmosph\u00e4re zentral in der Stadt Straubing wurde umfassend f\u00fcr weitere Gebiete der Nuklearmedizin ausgebaut. Ab sofort bieten wir Ihnen, liebe Patientin und lieber Patient, auch das&nbsp;gesamte Spektrum der Nuklearmedizin&nbsp;an, insbesondere: Erfahren Sie mehr zur Anwendung [&hellip;]<\/p>\n","protected":false},"author":1,"featured_media":0,"parent":0,"menu_order":0,"comment_status":"closed","ping_status":"closed","template":"","meta":{"footnotes":""},"class_list":["post-291","page","type-page","status-publish","hentry"],"yoast_head":"<!-- This site is optimized with the Yoast SEO plugin v27.3 - https:\/\/yoast.com\/product\/yoast-seo-wordpress\/ -->\n<title>Nuklearmedizin, Tracerdiagnostik, Szintigraphie - Praxis Prof. Dr. Koch und Kollegen<\/title>\n<meta name=\"description\" content=\"Die\u00a0Nuklearmedizin\u00a0wendet radioaktive Substanzen in der Medizin an zur Funktions- und Lokalisationsdiagnostik von Organen.\" \/>\n<meta name=\"robots\" content=\"index, follow, max-snippet:-1, max-image-preview:large, max-video-preview:-1\" \/>\n<link rel=\"canonical\" href=\"https:\/\/www.dr-w-koch.de\/web\/nuklearmedizin-szintigraphie\/\" \/>\n<meta property=\"og:locale\" content=\"de_DE\" \/>\n<meta property=\"og:type\" content=\"article\" \/>\n<meta property=\"og:title\" content=\"Nuklearmedizin, Tracerdiagnostik, Szintigraphie - Praxis Prof. Dr. Koch und Kollegen\" \/>\n<meta property=\"og:description\" content=\"Die\u00a0Nuklearmedizin\u00a0wendet radioaktive Substanzen in der Medizin an zur Funktions- und Lokalisationsdiagnostik von Organen.\" \/>\n<meta property=\"og:url\" content=\"https:\/\/www.dr-w-koch.de\/web\/nuklearmedizin-szintigraphie\/\" \/>\n<meta property=\"og:site_name\" content=\"Praxis Prof. Dr. Koch und Kollegen\" \/>\n<meta property=\"article:modified_time\" content=\"2023-02-23T13:13:45+00:00\" \/>\n<meta property=\"og:image\" content=\"https:\/\/www.dr-w-koch.de\/web\/wp-content\/uploads\/2023\/02\/ecam1.jpg\" \/>\n<meta name=\"twitter:card\" content=\"summary_large_image\" \/>\n<meta name=\"twitter:label1\" content=\"Gesch\u00e4tzte Lesezeit\" \/>\n\t<meta name=\"twitter:data1\" content=\"5\u00a0Minuten\" \/>\n<!-- \/ Yoast SEO plugin. -->","yoast_head_json":{"title":"Nuklearmedizin, Tracerdiagnostik, Szintigraphie - Praxis Prof. Dr. Koch und Kollegen","description":"Die\u00a0Nuklearmedizin\u00a0wendet radioaktive Substanzen in der Medizin an zur Funktions- und Lokalisationsdiagnostik von Organen.","robots":{"index":"index","follow":"follow","max-snippet":"max-snippet:-1","max-image-preview":"max-image-preview:large","max-video-preview":"max-video-preview:-1"},"canonical":"https:\/\/www.dr-w-koch.de\/web\/nuklearmedizin-szintigraphie\/","og_locale":"de_DE","og_type":"article","og_title":"Nuklearmedizin, Tracerdiagnostik, Szintigraphie - Praxis Prof. Dr. Koch und Kollegen","og_description":"Die\u00a0Nuklearmedizin\u00a0wendet radioaktive Substanzen in der Medizin an zur Funktions- und Lokalisationsdiagnostik von Organen.","og_url":"https:\/\/www.dr-w-koch.de\/web\/nuklearmedizin-szintigraphie\/","og_site_name":"Praxis Prof. Dr. Koch und Kollegen","article_modified_time":"2023-02-23T13:13:45+00:00","og_image":[{"url":"https:\/\/www.dr-w-koch.de\/web\/wp-content\/uploads\/2023\/02\/ecam1.jpg","type":"","width":"","height":""}],"twitter_card":"summary_large_image","twitter_misc":{"Gesch\u00e4tzte Lesezeit":"5\u00a0Minuten"},"schema":{"@context":"https:\/\/schema.org","@graph":[{"@type":"WebPage","@id":"https:\/\/www.dr-w-koch.de\/web\/nuklearmedizin-szintigraphie\/","url":"https:\/\/www.dr-w-koch.de\/web\/nuklearmedizin-szintigraphie\/","name":"Nuklearmedizin, Tracerdiagnostik, Szintigraphie - Praxis Prof. Dr. Koch und Kollegen","isPartOf":{"@id":"https:\/\/www.dr-w-koch.de\/web\/#website"},"primaryImageOfPage":{"@id":"https:\/\/www.dr-w-koch.de\/web\/nuklearmedizin-szintigraphie\/#primaryimage"},"image":{"@id":"https:\/\/www.dr-w-koch.de\/web\/nuklearmedizin-szintigraphie\/#primaryimage"},"thumbnailUrl":"https:\/\/www.dr-w-koch.de\/web\/wp-content\/uploads\/2023\/02\/ecam1.jpg","datePublished":"2023-02-18T14:57:17+00:00","dateModified":"2023-02-23T13:13:45+00:00","description":"Die\u00a0Nuklearmedizin\u00a0wendet radioaktive Substanzen in der Medizin an zur Funktions- und Lokalisationsdiagnostik von Organen.","breadcrumb":{"@id":"https:\/\/www.dr-w-koch.de\/web\/nuklearmedizin-szintigraphie\/#breadcrumb"},"inLanguage":"de","potentialAction":[{"@type":"ReadAction","target":["https:\/\/www.dr-w-koch.de\/web\/nuklearmedizin-szintigraphie\/"]}]},{"@type":"ImageObject","inLanguage":"de","@id":"https:\/\/www.dr-w-koch.de\/web\/nuklearmedizin-szintigraphie\/#primaryimage","url":"https:\/\/www.dr-w-koch.de\/web\/wp-content\/uploads\/2023\/02\/ecam1.jpg","contentUrl":"https:\/\/www.dr-w-koch.de\/web\/wp-content\/uploads\/2023\/02\/ecam1.jpg","width":640,"height":429},{"@type":"BreadcrumbList","@id":"https:\/\/www.dr-w-koch.de\/web\/nuklearmedizin-szintigraphie\/#breadcrumb","itemListElement":[{"@type":"ListItem","position":1,"name":"Startseite","item":"https:\/\/www.dr-w-koch.de\/web\/"},{"@type":"ListItem","position":2,"name":"Nuklearmedizin, Tracerdiagnostik, Szintigraphie"}]},{"@type":"WebSite","@id":"https:\/\/www.dr-w-koch.de\/web\/#website","url":"https:\/\/www.dr-w-koch.de\/web\/","name":"Praxis Prof. Dr. Koch und Kollegen","description":"Fach\u00e4rztliche und haus\u00e4rztliche Versorgung in Straubing","publisher":{"@id":"https:\/\/www.dr-w-koch.de\/web\/#organization"},"potentialAction":[{"@type":"SearchAction","target":{"@type":"EntryPoint","urlTemplate":"https:\/\/www.dr-w-koch.de\/web\/?s={search_term_string}"},"query-input":{"@type":"PropertyValueSpecification","valueRequired":true,"valueName":"search_term_string"}}],"inLanguage":"de"},{"@type":"Organization","@id":"https:\/\/www.dr-w-koch.de\/web\/#organization","name":"Gemeinschaftspraxis Prof. Dr. med. Walter Koch, Dr. med. univ. Verena Zahn, Dr. med. Tanja-Karola Beikler","url":"https:\/\/www.dr-w-koch.de\/web\/","logo":{"@type":"ImageObject","inLanguage":"de","@id":"https:\/\/www.dr-w-koch.de\/web\/#\/schema\/logo\/image\/","url":"https:\/\/www.dr-w-koch.de\/web\/wp-content\/uploads\/2023\/02\/KochLogo.jpg","contentUrl":"https:\/\/www.dr-w-koch.de\/web\/wp-content\/uploads\/2023\/02\/KochLogo.jpg","width":344,"height":236,"caption":"Gemeinschaftspraxis Prof. Dr. med. Walter Koch, Dr. med. univ. Verena Zahn, Dr. med. Tanja-Karola Beikler"},"image":{"@id":"https:\/\/www.dr-w-koch.de\/web\/#\/schema\/logo\/image\/"}}]}},"_links":{"self":[{"href":"https:\/\/www.dr-w-koch.de\/web\/wp-json\/wp\/v2\/pages\/291","targetHints":{"allow":["GET"]}}],"collection":[{"href":"https:\/\/www.dr-w-koch.de\/web\/wp-json\/wp\/v2\/pages"}],"about":[{"href":"https:\/\/www.dr-w-koch.de\/web\/wp-json\/wp\/v2\/types\/page"}],"author":[{"embeddable":true,"href":"https:\/\/www.dr-w-koch.de\/web\/wp-json\/wp\/v2\/users\/1"}],"replies":[{"embeddable":true,"href":"https:\/\/www.dr-w-koch.de\/web\/wp-json\/wp\/v2\/comments?post=291"}],"version-history":[{"count":5,"href":"https:\/\/www.dr-w-koch.de\/web\/wp-json\/wp\/v2\/pages\/291\/revisions"}],"predecessor-version":[{"id":415,"href":"https:\/\/www.dr-w-koch.de\/web\/wp-json\/wp\/v2\/pages\/291\/revisions\/415"}],"wp:attachment":[{"href":"https:\/\/www.dr-w-koch.de\/web\/wp-json\/wp\/v2\/media?parent=291"}],"curies":[{"name":"wp","href":"https:\/\/api.w.org\/{rel}","templated":true}]}}