{"id":312,"date":"2023-02-18T15:18:46","date_gmt":"2023-02-18T15:18:46","guid":{"rendered":"https:\/\/www.dr-w-koch.de\/web\/?page_id=312"},"modified":"2023-02-19T09:31:15","modified_gmt":"2023-02-19T09:31:15","slug":"schilddruesentherapie","status":"publish","type":"page","link":"https:\/\/www.dr-w-koch.de\/web\/schilddruesentherapie\/","title":{"rendered":"Schilddr\u00fcsentherapie"},"content":{"rendered":"\n<h2 class=\"wp-block-heading\">Medikament\u00f6se Therapie<\/h2>\n\n\n\n<p>Hier erfahren Sie, welche Medikamente zur Korrektur der Schilddr\u00fcsenfunktion verwendet werden k\u00f6nnen&#8230;<\/p>\n\n\n\n<p>Fehlfunktionen der Schilddr\u00fcse sind medikament\u00f6s relativ leicht ausgleichbar. F\u00fcr die \u00dcberfunktion und f\u00fcr die Unterfunktion gibt es verschiedene sehr wirksame Medikamente, deren Wirksamkeit allerdings durch Blutuntersuchungen \u00fcberwacht und gesteuert werden muss. Nebenwirkungen der Medikamente sind sehr selten und leicht beherrschbar. Die Dauer der Beeinflussung der Schilddr\u00fcsenfunktion richtig sich nach der Art der St\u00f6rung und kann von wenigen Wochen bis zu Jahren dauern. Eine verbindliche Ausssage ist wegen der enormen Vielfalt der der Fehlfunktion zugrunde liegenden Erkrankungen als auch wegen der individuellen Ansprechbarkeit nicht m\u00f6glich. Es bleibt die individuelle Therapie Ihres Arztes.<\/p>\n\n\n\n<p>Liegt keine Fehlfunktion der Dr\u00fcse vor, kann ebenfalls eine Behandlung der Schilddr\u00fcse sinnvoll sein, wobei zumeist Schilddr\u00fcsenhormone und\/oder Jodid zur Prophylaxe einer weiteren Vergr\u00f6\u00dferung oder im Sinne eines Verkleinerungsversuches eingesetzt werden. Zumeist ist dann eine jahrelange Behandlung sinnvoll. Die Auswahl des sinnvollen Medikaments ist individuell ebenfalls unter \u00dcberwachung der Funktion \u00e4rztlicherseits vorzunehmen.<\/p>\n\n\n\n<h2 class=\"wp-block-heading\">Operative Behandlung<\/h2>\n\n\n\n<p>Manchmal bleibt nur noch die Operation&#8230;<\/p>\n\n\n\n<p>Wenn sich in der Schilddr\u00fcse ung\u00fcnstige Verh\u00e4ltnisse entwickeln, die sich medikament\u00f6s nicht mehr beherrschen lassen oder gar krebsverd\u00e4chtige Untersuchungsbefunde erhoben wurden, muss operiert werden. Die Erfordernis zur Operation wird in einem Gespr\u00e4ch unter Abw\u00e4gung der Risiken \u00e4rztlicherseits er\u00f6rtert. Die letzte Entscheidung hat der Patient, zu der ihm alle m\u00f6glichen Entscheidungshilfen geboten werden und die alternativen Behandlungsverfahren zum Operationsrisiko abgewogen werden m\u00fcssen.<\/p>\n\n\n\n<p>Rechnen Sie mit wenigen Tagen (2-5 Tage) Krankenhausaufenthalt, am postoperativen Tag sind Sie schon wieder auf den Beinen.<\/p>\n\n\n\n<p>Jede Operation birgt Risiken, \u00fcber die Sie aufgekl\u00e4rt werden m\u00fcssen. Zum Gl\u00fcck sind die Stimmbandnervenl\u00e4hmungen inzwischen zur Seltenheit geworden und eigenliich nur noch dort aufgetreten, wo besonders ung\u00fcnstige Voraussetzungen (z.B. Krebserkrankung) zur Operation zwangen. Moderne Operationsstrategien und \u00dcberwachbarkeit des Stimmbandnerven w\u00e4hrend der Operatin haben diese gef\u00fcrchtete Komplikation eigentlich bereits zur Rarit\u00e4t werden lassen.<br>Oftmals ist die Narbe nach der Operation f\u00fcr ca 6 Wochen noch sehr sch\u00f6n, dann kann sich aufgrund von individuellen St\u00f6rfaktoren gelegentlich eine wulstige und juckende Narbe entwickeln. Ursache ist eine besondere Reaktionsf\u00e4higkeit der Haut, f\u00fcr die der Chirurg oder auch das Nahtmaterial nicht verantwortlich sind. Meistens haben die betroffenen Patienten bereits breitere Narben nach fr\u00fcheren Operationen oder Verletzungen.<\/p>\n\n\n\n<figure class=\"wp-block-image\"><img decoding=\"async\" src=\"https:\/\/www.dr-w-koch.de\/images\/stories\/praxis\/op_gross.jpg\" alt=\"Operation\" title=\"Operation\"\/><\/figure>\n\n\n\n<p>W\u00e4hrend der Operation geht alles Hand in Hand,<\/p>\n\n\n\n<p>Am n\u00e4chsten Tag hei\u00dfts &#8222;raus aus dem Bett&#8220;.<\/p>\n\n\n\n<h2 class=\"wp-block-heading\">Radiojodtherapie<\/h2>\n\n\n\n<p>Bei einigen Patienten kann auch die Radiojodtherapie statt der Operation eingesetzt werden&#8230;<\/p>\n\n\n\n<p>Die&nbsp;<strong>Radiojodtherapie<\/strong>&nbsp;ist seit etwa 40 Jahren als wirkungsvolle und nebenwirkungsarme Behandlungsmethode anerkannt. Mit ihr werden ganz gezielt \u00fcberaktive Schilddr\u00fcsenanteile behandelt; normal funktionierende Anteile werden geschont. Zum Einsatz kommt dabei eine radioaktive Form des normalen Jods, das Sie als wichtigen Bestandteil der Nahrung kennen. Leider ist die Radiojodtherapie nur bei einer relativ kleinen Zahl der Patienten m\u00f6glich. Hier\u00fcber entscheiden die vorermittelten Ergebnisse der Funktionsdignostik und der Szintigrafie<br><br>Das&nbsp;<strong>radioaktive Jod<\/strong>&nbsp;wird in Form einer kleinen&nbsp;<strong>Kapsel<\/strong>&nbsp;zu sich genommen und \u00fcber die Blutbahn nur von den \u00fcberaktiven Anteilen der Schilddr\u00fcse aufgenommen. Das nicht angelagerte Jod wird innerhalb von 24 Stunden beinahe vollst\u00e4ndig \u00fcber Blase und Darm ausgeschieden. Der in der Schilddr\u00fcse gespeicherte, wirksame Anteil verliert in den folgenden Tagen durch physikalischen Zerfall seine Radioaktivit\u00e4t. In rund 90% aller F\u00e4lle kann mit einer einzigen Therapie die \u00dcberfunktion der Schilddr\u00fcse geheilt werden; eine in wenigen F\u00e4llen erforderliche erneute Therapie ist problemlos m\u00f6glich. Negative Folgen sind nicht zu bef\u00fcrchten. Ein weiterer Vorteil dieser eleganten Therapieform liegt darin, da\u00df sie f\u00fcr den Patienten zu fast&nbsp;<strong>keinen Nebenwirkungen<\/strong>&nbsp;f\u00fchrt; nur in Ausnahmef\u00e4llen kann es zu leichtem Druckgef\u00fchl im Halsbereich kommen.<br><br>Nur ein geringerer Anteil der Gesamtstrahlung (Gamma-Komponente) besitzt eine l\u00e4ngere Reichweite und kann au\u00dferhalb des K\u00f6rpers gemessen werden. Die in Deutschland g\u00fcltigen strengen&nbsp;<strong>Strahlenschutzvorschriften<\/strong>&nbsp;machen jedoch gerade wegen dieses Strahlenanteils einen station\u00e4ren Aufenthalt erforderlich.<br><br>Ihre&nbsp;<strong>Aufenthaltsdauer<\/strong>&nbsp;richtet sich nach der verwendeten Strahlenmenge, sie betr\u00e4gt jedoch meist weniger als eine Woche.<\/p>\n","protected":false},"excerpt":{"rendered":"<p>Medikament\u00f6se Therapie Hier erfahren Sie, welche Medikamente zur Korrektur der Schilddr\u00fcsenfunktion verwendet werden k\u00f6nnen&#8230; Fehlfunktionen der Schilddr\u00fcse sind medikament\u00f6s relativ leicht ausgleichbar. F\u00fcr die \u00dcberfunktion und f\u00fcr die Unterfunktion gibt es verschiedene sehr wirksame Medikamente, deren Wirksamkeit allerdings durch Blutuntersuchungen \u00fcberwacht und gesteuert werden muss. Nebenwirkungen der Medikamente sind sehr selten und leicht beherrschbar. Die [&hellip;]<\/p>\n","protected":false},"author":1,"featured_media":0,"parent":0,"menu_order":0,"comment_status":"closed","ping_status":"closed","template":"","meta":{"footnotes":""},"class_list":["post-312","page","type-page","status-publish","hentry"],"yoast_head":"<!-- This site is optimized with the Yoast SEO plugin v27.3 - https:\/\/yoast.com\/product\/yoast-seo-wordpress\/ -->\n<title>Schilddr\u00fcsentherapie - Praxis Prof. Dr. Koch und Kollegen<\/title>\n<meta name=\"description\" content=\"Verfahren zur Behandlung der Schilddr\u00fcse umfassen medikament\u00f6se Ma\u00dfnahmen, die Operation oder eine Radiojodtherapie.\" \/>\n<meta name=\"robots\" content=\"index, follow, max-snippet:-1, max-image-preview:large, max-video-preview:-1\" \/>\n<link rel=\"canonical\" href=\"https:\/\/www.dr-w-koch.de\/web\/schilddruesentherapie\/\" \/>\n<meta property=\"og:locale\" content=\"de_DE\" \/>\n<meta property=\"og:type\" content=\"article\" \/>\n<meta property=\"og:title\" content=\"Schilddr\u00fcsentherapie - Praxis Prof. Dr. Koch und Kollegen\" \/>\n<meta property=\"og:description\" content=\"Verfahren zur Behandlung der Schilddr\u00fcse umfassen medikament\u00f6se Ma\u00dfnahmen, die Operation oder eine Radiojodtherapie.\" \/>\n<meta property=\"og:url\" content=\"https:\/\/www.dr-w-koch.de\/web\/schilddruesentherapie\/\" \/>\n<meta property=\"og:site_name\" content=\"Praxis Prof. Dr. Koch und Kollegen\" \/>\n<meta property=\"article:modified_time\" content=\"2023-02-19T09:31:15+00:00\" \/>\n<meta property=\"og:image\" content=\"https:\/\/www.dr-w-koch.de\/images\/stories\/praxis\/op_gross.jpg\" \/>\n<meta name=\"twitter:card\" content=\"summary_large_image\" \/>\n<meta name=\"twitter:label1\" content=\"Gesch\u00e4tzte Lesezeit\" \/>\n\t<meta name=\"twitter:data1\" content=\"4\u00a0Minuten\" \/>\n<!-- \/ Yoast SEO plugin. -->","yoast_head_json":{"title":"Schilddr\u00fcsentherapie - Praxis Prof. Dr. Koch und Kollegen","description":"Verfahren zur Behandlung der Schilddr\u00fcse umfassen medikament\u00f6se Ma\u00dfnahmen, die Operation oder eine Radiojodtherapie.","robots":{"index":"index","follow":"follow","max-snippet":"max-snippet:-1","max-image-preview":"max-image-preview:large","max-video-preview":"max-video-preview:-1"},"canonical":"https:\/\/www.dr-w-koch.de\/web\/schilddruesentherapie\/","og_locale":"de_DE","og_type":"article","og_title":"Schilddr\u00fcsentherapie - Praxis Prof. Dr. Koch und Kollegen","og_description":"Verfahren zur Behandlung der Schilddr\u00fcse umfassen medikament\u00f6se Ma\u00dfnahmen, die Operation oder eine Radiojodtherapie.","og_url":"https:\/\/www.dr-w-koch.de\/web\/schilddruesentherapie\/","og_site_name":"Praxis Prof. Dr. Koch und Kollegen","article_modified_time":"2023-02-19T09:31:15+00:00","og_image":[{"url":"https:\/\/www.dr-w-koch.de\/images\/stories\/praxis\/op_gross.jpg","type":"","width":"","height":""}],"twitter_card":"summary_large_image","twitter_misc":{"Gesch\u00e4tzte Lesezeit":"4\u00a0Minuten"},"schema":{"@context":"https:\/\/schema.org","@graph":[{"@type":"WebPage","@id":"https:\/\/www.dr-w-koch.de\/web\/schilddruesentherapie\/","url":"https:\/\/www.dr-w-koch.de\/web\/schilddruesentherapie\/","name":"Schilddr\u00fcsentherapie - Praxis Prof. Dr. Koch und Kollegen","isPartOf":{"@id":"https:\/\/www.dr-w-koch.de\/web\/#website"},"primaryImageOfPage":{"@id":"https:\/\/www.dr-w-koch.de\/web\/schilddruesentherapie\/#primaryimage"},"image":{"@id":"https:\/\/www.dr-w-koch.de\/web\/schilddruesentherapie\/#primaryimage"},"thumbnailUrl":"https:\/\/www.dr-w-koch.de\/images\/stories\/praxis\/op_gross.jpg","datePublished":"2023-02-18T15:18:46+00:00","dateModified":"2023-02-19T09:31:15+00:00","description":"Verfahren zur Behandlung der Schilddr\u00fcse umfassen medikament\u00f6se Ma\u00dfnahmen, die Operation oder eine Radiojodtherapie.","breadcrumb":{"@id":"https:\/\/www.dr-w-koch.de\/web\/schilddruesentherapie\/#breadcrumb"},"inLanguage":"de","potentialAction":[{"@type":"ReadAction","target":["https:\/\/www.dr-w-koch.de\/web\/schilddruesentherapie\/"]}]},{"@type":"ImageObject","inLanguage":"de","@id":"https:\/\/www.dr-w-koch.de\/web\/schilddruesentherapie\/#primaryimage","url":"https:\/\/www.dr-w-koch.de\/images\/stories\/praxis\/op_gross.jpg","contentUrl":"https:\/\/www.dr-w-koch.de\/images\/stories\/praxis\/op_gross.jpg"},{"@type":"BreadcrumbList","@id":"https:\/\/www.dr-w-koch.de\/web\/schilddruesentherapie\/#breadcrumb","itemListElement":[{"@type":"ListItem","position":1,"name":"Startseite","item":"https:\/\/www.dr-w-koch.de\/web\/"},{"@type":"ListItem","position":2,"name":"Schilddr\u00fcsentherapie"}]},{"@type":"WebSite","@id":"https:\/\/www.dr-w-koch.de\/web\/#website","url":"https:\/\/www.dr-w-koch.de\/web\/","name":"Praxis Prof. Dr. Koch und Kollegen","description":"Fach\u00e4rztliche und haus\u00e4rztliche Versorgung in Straubing","publisher":{"@id":"https:\/\/www.dr-w-koch.de\/web\/#organization"},"potentialAction":[{"@type":"SearchAction","target":{"@type":"EntryPoint","urlTemplate":"https:\/\/www.dr-w-koch.de\/web\/?s={search_term_string}"},"query-input":{"@type":"PropertyValueSpecification","valueRequired":true,"valueName":"search_term_string"}}],"inLanguage":"de"},{"@type":"Organization","@id":"https:\/\/www.dr-w-koch.de\/web\/#organization","name":"Gemeinschaftspraxis Prof. Dr. med. Walter Koch, Dr. med. univ. Verena Zahn, Dr. med. Tanja-Karola Beikler","url":"https:\/\/www.dr-w-koch.de\/web\/","logo":{"@type":"ImageObject","inLanguage":"de","@id":"https:\/\/www.dr-w-koch.de\/web\/#\/schema\/logo\/image\/","url":"https:\/\/www.dr-w-koch.de\/web\/wp-content\/uploads\/2023\/02\/KochLogo.jpg","contentUrl":"https:\/\/www.dr-w-koch.de\/web\/wp-content\/uploads\/2023\/02\/KochLogo.jpg","width":344,"height":236,"caption":"Gemeinschaftspraxis Prof. Dr. med. Walter Koch, Dr. med. univ. Verena Zahn, Dr. med. Tanja-Karola Beikler"},"image":{"@id":"https:\/\/www.dr-w-koch.de\/web\/#\/schema\/logo\/image\/"}}]}},"_links":{"self":[{"href":"https:\/\/www.dr-w-koch.de\/web\/wp-json\/wp\/v2\/pages\/312","targetHints":{"allow":["GET"]}}],"collection":[{"href":"https:\/\/www.dr-w-koch.de\/web\/wp-json\/wp\/v2\/pages"}],"about":[{"href":"https:\/\/www.dr-w-koch.de\/web\/wp-json\/wp\/v2\/types\/page"}],"author":[{"embeddable":true,"href":"https:\/\/www.dr-w-koch.de\/web\/wp-json\/wp\/v2\/users\/1"}],"replies":[{"embeddable":true,"href":"https:\/\/www.dr-w-koch.de\/web\/wp-json\/wp\/v2\/comments?post=312"}],"version-history":[{"count":1,"href":"https:\/\/www.dr-w-koch.de\/web\/wp-json\/wp\/v2\/pages\/312\/revisions"}],"predecessor-version":[{"id":313,"href":"https:\/\/www.dr-w-koch.de\/web\/wp-json\/wp\/v2\/pages\/312\/revisions\/313"}],"wp:attachment":[{"href":"https:\/\/www.dr-w-koch.de\/web\/wp-json\/wp\/v2\/media?parent=312"}],"curies":[{"name":"wp","href":"https:\/\/api.w.org\/{rel}","templated":true}]}}