{"id":324,"date":"2023-02-18T15:36:17","date_gmt":"2023-02-18T15:36:17","guid":{"rendered":"https:\/\/www.dr-w-koch.de\/web\/?page_id=324"},"modified":"2023-02-19T09:13:39","modified_gmt":"2023-02-19T09:13:39","slug":"nuklearmedizinische-methoden","status":"publish","type":"page","link":"https:\/\/www.dr-w-koch.de\/web\/nuklearmedizinische-methoden\/","title":{"rendered":"Methoden"},"content":{"rendered":"\n<h2 class=\"wp-block-heading\">Das &#8222;Tracer&#8220;-Prinzip und Mythen um die Strahlenexposition<\/h2>\n\n\n\n<p>Anders als bei Verfahren der Radiologie wie z.B. R\u00f6ntgen, Computertomographie und Kernspintomographie zeigt die Nuklearmedizin weniger den Gewebsaufbau, sondern stellt die&nbsp;<strong>Funktion von Organen und Geweben<\/strong>&nbsp;dar. H\u00e4ufig ist n\u00e4mlich die Organfunktion (der Stoffwechsel) fr\u00fcher krankheitsbedingt gest\u00f6rt, als dass sich Strukturver\u00e4nderungen nachweisen lassen. Obwohl der Begriff \u201eNuklearmedizin\u201c oft bedrohlich klingt, ist die&nbsp;<strong>Strahlenexposition der Untersuchungen meist geringer als bei anderen, h\u00e4ufiger eingesetzten Verfahren wie z.B. der Computertomographie<\/strong>.<\/p>\n\n\n\n<p>Allen Untersuchungsverfahren der Nuklearmedizin liegt das&nbsp;<strong>Tracer-Prinzip<\/strong>&nbsp;zugrunde. Hierbei wird eine Substanz, die der K\u00f6rper als \u201eN\u00e4hrstoff\u201c verstoffwechselt, mit einem schwachen radioaktiven Strahler markiert und in die Vene gespritzt. Dieses \u201eRadiopharmakon\u201c l\u00e4sst sich nun mit einem speziellen Ger\u00e4t (der Gammakamera) im K\u00f6rper verfolgen und dessen Anreicherung\/Speicherung in den Zellen (durch die Szintigraphie) bildlich sichtbar machen. Mit diesem Prinzip lassen sich die verschiedensten K\u00f6rperfunktionen \u00fcberpr\u00fcfen, so dass die Nuklearmedizin ein facettenreiches Spektrum an Untersuchungsm\u00f6glichkeiten bietet.<br>Zum Beispiel verwendet man in der Knochenszintigraphie ein Radiopharmakon, das von knochenbildenden Zellen aufgenommen wird. Gesundes Knochengewebe zeigt im resultierenden Bild (\u201eSzintigramm\u201c) niedrige Aufnahme der Substanz, die von normalen Umbauprozessen herr\u00fchrt. Zeigt sich dagegen ein verst\u00e4rkter Knochenumbau, l\u00e4sst dies auf krankhafte Vorg\u00e4nge schlie\u00dfen. Dabei kann es sich um Prellungen, heilende Knochenbr\u00fcche, Krebs, gutartige Knochentumore, Arthrosen oder Entz\u00fcndungen handeln. Unklare Befunde im Szintigramm k\u00f6nnen ggf. durch R\u00f6ntgen (Radiologie) weiter untersucht werden.<br>In \u00e4hnlicher Weise kann die Nuklearmedizin mit der Nierenszintigraphie die Anreicherung und die Ausscheidung eines Radiopharmakons durch die Niere in vielen Einzelbildern \u201edynamisch\u201c darstellen, wodurch sich eine Einschr\u00e4nkung der Nierenfunktion und Probleme beim Abfluss des Urins in die Blase beurteilen lassen.<br><\/p>\n\n\n\n<h2 class=\"wp-block-heading\">Die Gamma-Kamera (SPECT-Kamera)<\/h2>\n\n\n\n<p>Herzst\u00fcck der Nuklearmedizin in unserer Praxis ist eine modern ausger\u00fcstete &#8222;ECAM variable&#8220;-SPECT-Kamera mit der Szintigramme aufgezeichnet werden. Diese kann von den K\u00f6rperzellen ausgehende Strahlung pr\u00e4zise lokalisieren und bildlich darstellen. Auch 3-dimensionale Untersuchungen und Untersuchungen synchron zum Herzschlag stellen f\u00fcr das Ger\u00e4t keine Herausforderung dar.<\/p>\n\n\n\n<figure class=\"wp-block-image\"><img decoding=\"async\" src=\"https:\/\/www.dr-w-koch.de\/images\/stories\/praxis\/imgp3036.jpg\" alt=\"SPECT-Kamera, Nuklearmedizin\" title=\"Wichtigstes Arbeitswerkzeug der Nuklearmedizin, die SPECT-Kamera\"\/><\/figure>\n\n\n\n<p>Das Ger\u00e4t besteht aus einer Liege mit Armst\u00fctzen und Kopfst\u00fctze, sowie einem Ring, an dem 2 Detektork\u00f6pfe (hier in 90 Grad-Position zueinander) montiert sind. Diese K\u00f6pfe k\u00f6nnen bereits geringste Menge radioaktiver Substanzen im K\u00f6rper bildlich sichtbar machen. Das funktioniert (bis auf die L\u00fcfterger\u00e4usche und das Motorenger\u00e4usch bei Bewegung des Rings) ger\u00e4uschlos. Das Ger\u00e4t gibt dabei selbst keinerlei Strahlung ab. Erg\u00e4nzende Untersuchungen von bestimmten K\u00f6rperteilen (auch in Form von 3-dimensionalen Aufnahmen) k\u00f6nnen also elegant und ohne zus\u00e4tzliche Strahlenexposition durchgef\u00fchrt werden.<\/p>\n\n\n\n<figure class=\"wp-block-image\"><img decoding=\"async\" src=\"https:\/\/www.dr-w-koch.de\/images\/stories\/praxis\/imgp3011.jpg\" alt=\"Die Kamera kann um den Patienten rotieren, um Bilder aufzuzeichnen!\" title=\"SPECT-Kamera, Nuklearmedizin\"\/><\/figure>\n\n\n\n<p>Um 3-dimensionale Bilder des K\u00f6rpers zu erhalten, kann die Kamera um den K\u00f6rper rotieren und hierbei von au\u00dfen eine Vielzahl von Bildern (je nach Protokoll aus bis zu 128 verschiedenen Blickrichtungen) anfertigen. Diese k\u00f6nnen dann so verarbeitet (&#8222;rekonstruiert&#8220;) werden, da\u00df der Untersuchungsbereich anschlie\u00dfend in d\u00fcnnen Schichten mit beliebiger Schnittf\u00fchrung betrachtet werden kann. Hierzu werden die Bilddaten mit modernster Software verarbeitet, mathematisch fortschrittlichste Rekontruktion (tiefenabh\u00e4ngige iterative Rekonstruktion mit Ber\u00fccksichtigung der Kollimatorfunktion) und Dekonvulotionsanalyse geh\u00f6ren zu den neuesten Innovationen der Nuklearmedizin und stehen bei uns selbstverst\u00e4ndlich als Garant f\u00fcr beste Bildqualit\u00e4t zur Verf\u00fcgung.<\/p>\n\n\n\n<figure class=\"wp-block-image\"><img decoding=\"async\" src=\"https:\/\/www.dr-w-koch.de\/images\/stories\/praxis\/imgp3018.jpg\" alt=\"Offenes Design der Gammakamera vermeidet Platzangst\" title=\"SPECT-Kamera, Nuklearmedizin\"\/><\/figure>\n\n\n\n<figure class=\"wp-block-image\"><img decoding=\"async\" src=\"https:\/\/www.dr-w-koch.de\/images\/stories\/praxis\/imgp3047.jpg\" alt=\"Die Dektoren k\u00f6nnen in 90 oder 180\u00b0 Anordnung positioniert werden.\" title=\"SPECT-Kamera, Nuklearmedizin\"\/><\/figure>\n\n\n\n<figure class=\"wp-block-image\"><img decoding=\"async\" src=\"https:\/\/www.dr-w-koch.de\/images\/stories\/praxis\/imgp3044.jpg\" alt=\"\"\/><\/figure>\n\n\n\n<figure class=\"wp-block-image\"><img decoding=\"async\" src=\"https:\/\/www.dr-w-koch.de\/images\/stories\/praxis\/imgp3041.jpg\" alt=\"Stets im Blick, der Kontrollmonitor.\" title=\"SPECT-Kamera, Nuklearmedizin\"\/><\/figure>\n\n\n\n<p>Damit Ihnen nicht langweilig wird, gibt es neben dem Kontrollmonitor (der wohl nur uns w\u00e4hrend Ihrer Aufnahme interessiert) f\u00fcr Sie auch die M\u00f6glichkeit, \u00fcber einen Fernseher an der Decke sch\u00f6nste Natur- und Tierfilmaufnahmen unserer Erde bewundern. Und sollten Sie nicht in der Laune f\u00fcr Video sein, geniessen Sie einfach die Blumendeckentapete.<\/p>\n\n\n\n<figure class=\"wp-block-image\"><img decoding=\"async\" src=\"https:\/\/www.dr-w-koch.de\/images\/stories\/praxis\/imgp3023.jpg\" alt=\"\"\/><\/figure>\n\n\n\n<p>Und auch Sie d\u00fcrfen strahlend l\u00e4cheln, eng ist es in unserem Ger\u00e4t nicht wirklich.<\/p>\n\n\n\n<p>Auf Ihren Besuch in der Nuklearmedizin freuen wir uns sehr!<\/p>\n\n\n\n<h2 class=\"wp-block-heading\">SPECT<\/h2>\n\n\n\n<p>Single Photon Emission Computed Tomography &#8211; 3-D-Bildgebung in der Nuklearmedizin!<\/p>\n\n\n\n<p>Um 3-dimensionale Bilder des K\u00f6rpers zu erhalten, kann die Kamera um den K\u00f6rper rotieren und hierbei von au\u00dfen eine Vielzahl von Bildern (je nach Protokoll aus bis zu 128 verschiedenen Blickrichtungen) anfertigen. Diese k\u00f6nnen dann so verarbeitet (&#8222;rekonstruiert&#8220;) werden, da\u00df der Untersuchungsbereich anschlie\u00dfend in d\u00fcnnen Schichten mit beliebiger Schnittf\u00fchrung betrachtet werden kann. Dies ist in dem folgenden Video exemplarisch an einer SPECT-Kamera im Zeitraffer gezeigt. Beachten Sie, da\u00df das im Video gezeigte Ger\u00e4t deutlich enger ist, als das bei uns eingesetzte &#8222;offene&#8220; Ger\u00e4t.<\/p>\n\n\n\n<h2 class=\"wp-block-heading\">Skelettszintigraphie<\/h2>\n\n\n\n<figure class=\"wp-block-table\"><table><tbody><tr><td><strong>Was kann die Skelettszintigraphie?<\/strong>Die Knochenszintigraphie unterscheidet sich grunds\u00e4tzlich von R\u00f6ntgen. Das Skelettsystem verstoffwechselt laufend Kalziumphosphat, besonders dort, wo Knochen stark beansprucht oder belastet wird. Diese Stoffwechselprozesse finden auch dort gesteigert statt, wo Knochen erkrankt ist, oder angegriffen wird. Mittels der Skelettszintigraphie\/Knochenszintigraphie (mit Tc-99m-Phosphonaten) l\u00e4sst sich dieser Stoffwechsel durch die Nuklearmedizin sichtbar machen. Damit ist es m\u00f6glich, Erkrankungen des Skelettsystems nachzuweisen, lange noch bevor morphologische Ver\u00e4nderungen am Knochen auftreten. Dies ist beispielsweise bei Krebserkrankungen wichtig, die m\u00f6glicherweise bereits Tochtergeschw\u00fclste in das Skelett abgesiedelt haben (v.a. bei Brust- und Prostatakrebs). Die gleiche Technik kann aber auch Entz\u00fcndungen des Knochens oder der Gelenke nachweisen. Das Szintigramm kann hierbei nicht nur Lage und Intensit\u00e4t der Entz\u00fcndung zeigen, sondern auch zwischen entz\u00fcndlichen Prozessen der Weichteile von denen des Knochen unterscheiden. Da mit nur einer Untersuchung das gesamte Skelett abgebildet werden kann, lassen sich weit entfernte Krebsmetastasen ebenso aufsp\u00fcren wie verstreut liegende Entz\u00fcndungsherde.<br><br>Die Nuklearmedizin kann durch die Skelettszintigraphie zudem frische, aber auch monatelang zur\u00fcckliegende Verletzungen des Knochens nachweisen. Dies spielt in der Versorgung von Unf\u00e4llen eine gro\u00dfe Rolle, da beispielsweise Rippen- und Wirbelk\u00f6rperverletzungen mittels R\u00f6ntgen (Radiologie) oft nicht erkannt werden k\u00f6nnen. Ein weiteres Beispiel ist die Kindesmisshandlung. Hier kann die Skelettszintigraphie die typischen mehrfach aufeinander folgenden Gewalteinwirkungen dokumentieren und damit eine Handhabe liefern, einzuschreiten.<\/td><td><img decoding=\"async\" src=\"https:\/\/www.dr-w-koch.de\/images\/stories\/praxis\/skelettszinti.jpg\" alt=\"Skelettszintigraphie\" style=\"width: 10000px;\"><\/td><\/tr><\/tbody><\/table><\/figure>\n\n\n\n<figure class=\"wp-block-table\"><table><tbody><tr><td><strong>Wie funktioniert die Skelettszintigraphie?<\/strong>Die Knochenszintigraphie basiert auf der Darstellung des Knochenstoffwechsels mittels Tc-99m-Phosphonaten, einem reinen Gammastrahler mit kurzer Halbwertszeit (6h). Die Substanz wird in eine Armvene injiziert, wobei sich die Menge im Nanogrammbereich bewegt, sodass eine allergische Reakion oder ein Einfluss der Substanz auf den Stoffwechsel nicht zu erwarten ist.Je nach Indikation erfolgen die Aufnahmen mit unterschiedlicher Technik mithilfe einer modernen Gammakamera. Zur besseren Beurteilung einzelner Skelettregionen bietet die Nuklearmedizin Schichtaufnahmen in der so genannten \u201eSingle-Photon-Emission-Computed-Tomography\u201c (SPECT) durchgef\u00fchrt werden. Dieses Verfahren erlaubt eine detaillierte, \u00fcberlagerungsfreie, dreidimensionale Darstellung ausgew\u00e4hlter Skelettareale ohne zus\u00e4tzliche Strahlenexposition. Die Strahlenexposition f\u00fcr eine Skelettszintigraphie liegt mit 5,8 mSv\/MBq deutlich unterhalb derjenigen f\u00fcr eine R\u00f6ntgen-Computertomographie des Thorax.<\/td><td><img decoding=\"async\" src=\"https:\/\/www.dr-w-koch.de\/images\/stories\/praxis\/skelettszinti2.jpg\" alt=\"Skelettszintigraphie\" style=\"width: 10000px;\"><\/td><\/tr><\/tbody><\/table><\/figure>\n\n\n\n<h2 class=\"wp-block-heading\">Nierenszintigraphie<\/h2>\n\n\n\n<p>Mittels Nuklearmedizin und Szintigraphie kann die Nierenfunktion schmerzfrei sichtbar gemacht werden!<\/p>\n\n\n\n<p>Die Nieren haben eine lebenswichtige Aufgabe in unserem K\u00f6rper: Sie entfernen Abfallstoffe des Stoffwechsels aus unserem K\u00f6rper. Die Funktion der Nieren kann man mit der Nierenszintigraphie darstellen. Man verwendet dazu schwach radioaktive Stoffe, die zun\u00e4chst \u00fcber den Blutweg in die Niere transportiert werden (damit kann die Durchblutungssituation erfasst werden) und dann \u00fcber die Nieren ausgeschieden werden (damit wird die Funktion der Niere dargestellt und die ableitenden Harnwege k\u00f6nnen ebenfalls beurteilt werden).<\/p>\n\n\n\n<p>Die Verteilung der in eine Vene gespritzten Substanz kann mit einer Gammakamera sichtbar gemacht werden. Diese nimmt in kurzen Intervallen Bilder auf. Zudem k\u00f6nnen Funktionskurven der Nierenfunktion erstellt werden, die eine quantitative Aussage dar\u00fcber erlauben, wie schnell die Nieren das Blut von der radioaktiven Substanz befreien.<\/p>\n\n\n\n<p>Im Rahmen der Ausscheidung der gespritzten Substanz erm\u00f6glicht die Nuklearmedizin auch, den Harnabflu\u00df zu beurteilen und evtl. auch ein R\u00fcckflu\u00df des Harn von der Harnblase in die Nieren, der zur Sch\u00e4digung von Nierengewebe f\u00fchren kann. Letzteres ist vor allem bei S\u00e4uglingen und Kleinkindern wichtig, bei denen diese Diagnose z\u00fcgig gestellt werden muss, um Folgesch\u00e4den zu vermeiden.<\/p>\n\n\n\n<p>Indirekt k\u00f6nnen mit der Nierenszintigraphie auch Ver\u00e4nderungen ausserhalb der Nieren, z.B. Engstellen der Gef\u00e4\u00dfe vor der Niere, erkannt werden, eine m\u00f6gliche Ursache f\u00fcr erh\u00f6hte Blutdruckwerte.<\/p>\n\n\n\n<figure class=\"wp-block-image\"><img decoding=\"async\" src=\"https:\/\/www.dr-w-koch.de\/images\/stories\/praxis\/nierenszintigraphie.jpg\" alt=\"Nierenszintigraphie, nuklearmedizinische Nierendiagnostik\" title=\"Nierenszintigraphie\"\/><\/figure>\n","protected":false},"excerpt":{"rendered":"<p>Das &#8222;Tracer&#8220;-Prinzip und Mythen um die Strahlenexposition Anders als bei Verfahren der Radiologie wie z.B. R\u00f6ntgen, Computertomographie und Kernspintomographie zeigt die Nuklearmedizin weniger den Gewebsaufbau, sondern stellt die&nbsp;Funktion von Organen und Geweben&nbsp;dar. H\u00e4ufig ist n\u00e4mlich die Organfunktion (der Stoffwechsel) fr\u00fcher krankheitsbedingt gest\u00f6rt, als dass sich Strukturver\u00e4nderungen nachweisen lassen. Obwohl der Begriff \u201eNuklearmedizin\u201c oft bedrohlich klingt, [&hellip;]<\/p>\n","protected":false},"author":1,"featured_media":0,"parent":0,"menu_order":0,"comment_status":"closed","ping_status":"closed","template":"","meta":{"footnotes":""},"class_list":["post-324","page","type-page","status-publish","hentry"],"yoast_head":"<!-- This site is optimized with the Yoast SEO plugin v27.3 - https:\/\/yoast.com\/product\/yoast-seo-wordpress\/ -->\n<title>Methoden - Praxis Prof. Dr. Koch und Kollegen<\/title>\n<meta name=\"description\" content=\"Mit Hilfe der Szintigraphie in planarer und in 3-dimensionaler Technik (SPECT) k\u00f6nnen Stoffwechselvorg\u00e4nge im K\u00f6per sichtbar gemacht werden.\" \/>\n<meta name=\"robots\" content=\"index, follow, max-snippet:-1, max-image-preview:large, max-video-preview:-1\" \/>\n<link rel=\"canonical\" href=\"https:\/\/www.dr-w-koch.de\/web\/nuklearmedizinische-methoden\/\" \/>\n<meta property=\"og:locale\" content=\"de_DE\" \/>\n<meta property=\"og:type\" content=\"article\" \/>\n<meta property=\"og:title\" content=\"Methoden - Praxis Prof. Dr. Koch und Kollegen\" \/>\n<meta property=\"og:description\" content=\"Mit Hilfe der Szintigraphie in planarer und in 3-dimensionaler Technik (SPECT) k\u00f6nnen Stoffwechselvorg\u00e4nge im K\u00f6per sichtbar gemacht werden.\" \/>\n<meta property=\"og:url\" content=\"https:\/\/www.dr-w-koch.de\/web\/nuklearmedizinische-methoden\/\" \/>\n<meta property=\"og:site_name\" content=\"Praxis Prof. Dr. Koch und Kollegen\" \/>\n<meta property=\"article:modified_time\" content=\"2023-02-19T09:13:39+00:00\" \/>\n<meta property=\"og:image\" content=\"https:\/\/www.dr-w-koch.de\/images\/stories\/praxis\/imgp3036.jpg\" \/>\n<meta name=\"twitter:card\" content=\"summary_large_image\" \/>\n<meta name=\"twitter:label1\" content=\"Gesch\u00e4tzte Lesezeit\" \/>\n\t<meta name=\"twitter:data1\" content=\"9\u00a0Minuten\" \/>\n<!-- \/ Yoast SEO plugin. -->","yoast_head_json":{"title":"Methoden - Praxis Prof. Dr. Koch und Kollegen","description":"Mit Hilfe der Szintigraphie in planarer und in 3-dimensionaler Technik (SPECT) k\u00f6nnen Stoffwechselvorg\u00e4nge im K\u00f6per sichtbar gemacht werden.","robots":{"index":"index","follow":"follow","max-snippet":"max-snippet:-1","max-image-preview":"max-image-preview:large","max-video-preview":"max-video-preview:-1"},"canonical":"https:\/\/www.dr-w-koch.de\/web\/nuklearmedizinische-methoden\/","og_locale":"de_DE","og_type":"article","og_title":"Methoden - Praxis Prof. Dr. Koch und Kollegen","og_description":"Mit Hilfe der Szintigraphie in planarer und in 3-dimensionaler Technik (SPECT) k\u00f6nnen Stoffwechselvorg\u00e4nge im K\u00f6per sichtbar gemacht werden.","og_url":"https:\/\/www.dr-w-koch.de\/web\/nuklearmedizinische-methoden\/","og_site_name":"Praxis Prof. Dr. Koch und Kollegen","article_modified_time":"2023-02-19T09:13:39+00:00","og_image":[{"url":"https:\/\/www.dr-w-koch.de\/images\/stories\/praxis\/imgp3036.jpg","type":"","width":"","height":""}],"twitter_card":"summary_large_image","twitter_misc":{"Gesch\u00e4tzte Lesezeit":"9\u00a0Minuten"},"schema":{"@context":"https:\/\/schema.org","@graph":[{"@type":"WebPage","@id":"https:\/\/www.dr-w-koch.de\/web\/nuklearmedizinische-methoden\/","url":"https:\/\/www.dr-w-koch.de\/web\/nuklearmedizinische-methoden\/","name":"Methoden - Praxis Prof. Dr. Koch und Kollegen","isPartOf":{"@id":"https:\/\/www.dr-w-koch.de\/web\/#website"},"primaryImageOfPage":{"@id":"https:\/\/www.dr-w-koch.de\/web\/nuklearmedizinische-methoden\/#primaryimage"},"image":{"@id":"https:\/\/www.dr-w-koch.de\/web\/nuklearmedizinische-methoden\/#primaryimage"},"thumbnailUrl":"https:\/\/www.dr-w-koch.de\/images\/stories\/praxis\/imgp3036.jpg","datePublished":"2023-02-18T15:36:17+00:00","dateModified":"2023-02-19T09:13:39+00:00","description":"Mit Hilfe der Szintigraphie in planarer und in 3-dimensionaler Technik (SPECT) k\u00f6nnen Stoffwechselvorg\u00e4nge im K\u00f6per sichtbar gemacht werden.","breadcrumb":{"@id":"https:\/\/www.dr-w-koch.de\/web\/nuklearmedizinische-methoden\/#breadcrumb"},"inLanguage":"de","potentialAction":[{"@type":"ReadAction","target":["https:\/\/www.dr-w-koch.de\/web\/nuklearmedizinische-methoden\/"]}]},{"@type":"ImageObject","inLanguage":"de","@id":"https:\/\/www.dr-w-koch.de\/web\/nuklearmedizinische-methoden\/#primaryimage","url":"https:\/\/www.dr-w-koch.de\/images\/stories\/praxis\/imgp3036.jpg","contentUrl":"https:\/\/www.dr-w-koch.de\/images\/stories\/praxis\/imgp3036.jpg"},{"@type":"BreadcrumbList","@id":"https:\/\/www.dr-w-koch.de\/web\/nuklearmedizinische-methoden\/#breadcrumb","itemListElement":[{"@type":"ListItem","position":1,"name":"Startseite","item":"https:\/\/www.dr-w-koch.de\/web\/"},{"@type":"ListItem","position":2,"name":"Methoden"}]},{"@type":"WebSite","@id":"https:\/\/www.dr-w-koch.de\/web\/#website","url":"https:\/\/www.dr-w-koch.de\/web\/","name":"Praxis Prof. Dr. Koch und Kollegen","description":"Fach\u00e4rztliche und haus\u00e4rztliche Versorgung in Straubing","publisher":{"@id":"https:\/\/www.dr-w-koch.de\/web\/#organization"},"potentialAction":[{"@type":"SearchAction","target":{"@type":"EntryPoint","urlTemplate":"https:\/\/www.dr-w-koch.de\/web\/?s={search_term_string}"},"query-input":{"@type":"PropertyValueSpecification","valueRequired":true,"valueName":"search_term_string"}}],"inLanguage":"de"},{"@type":"Organization","@id":"https:\/\/www.dr-w-koch.de\/web\/#organization","name":"Gemeinschaftspraxis Prof. Dr. med. Walter Koch, Dr. med. univ. Verena Zahn, Dr. med. Tanja-Karola Beikler","url":"https:\/\/www.dr-w-koch.de\/web\/","logo":{"@type":"ImageObject","inLanguage":"de","@id":"https:\/\/www.dr-w-koch.de\/web\/#\/schema\/logo\/image\/","url":"https:\/\/www.dr-w-koch.de\/web\/wp-content\/uploads\/2023\/02\/KochLogo.jpg","contentUrl":"https:\/\/www.dr-w-koch.de\/web\/wp-content\/uploads\/2023\/02\/KochLogo.jpg","width":344,"height":236,"caption":"Gemeinschaftspraxis Prof. Dr. med. Walter Koch, Dr. med. univ. Verena Zahn, Dr. med. Tanja-Karola Beikler"},"image":{"@id":"https:\/\/www.dr-w-koch.de\/web\/#\/schema\/logo\/image\/"}}]}},"_links":{"self":[{"href":"https:\/\/www.dr-w-koch.de\/web\/wp-json\/wp\/v2\/pages\/324","targetHints":{"allow":["GET"]}}],"collection":[{"href":"https:\/\/www.dr-w-koch.de\/web\/wp-json\/wp\/v2\/pages"}],"about":[{"href":"https:\/\/www.dr-w-koch.de\/web\/wp-json\/wp\/v2\/types\/page"}],"author":[{"embeddable":true,"href":"https:\/\/www.dr-w-koch.de\/web\/wp-json\/wp\/v2\/users\/1"}],"replies":[{"embeddable":true,"href":"https:\/\/www.dr-w-koch.de\/web\/wp-json\/wp\/v2\/comments?post=324"}],"version-history":[{"count":1,"href":"https:\/\/www.dr-w-koch.de\/web\/wp-json\/wp\/v2\/pages\/324\/revisions"}],"predecessor-version":[{"id":325,"href":"https:\/\/www.dr-w-koch.de\/web\/wp-json\/wp\/v2\/pages\/324\/revisions\/325"}],"wp:attachment":[{"href":"https:\/\/www.dr-w-koch.de\/web\/wp-json\/wp\/v2\/media?parent=324"}],"curies":[{"name":"wp","href":"https:\/\/api.w.org\/{rel}","templated":true}]}}