{"id":331,"date":"2023-02-18T15:41:04","date_gmt":"2023-02-18T15:41:04","guid":{"rendered":"https:\/\/www.dr-w-koch.de\/web\/?page_id=331"},"modified":"2023-02-19T09:08:28","modified_gmt":"2023-02-19T09:08:28","slug":"knochendichtemessung","status":"publish","type":"page","link":"https:\/\/www.dr-w-koch.de\/web\/knochendichtemessung\/","title":{"rendered":"Knochendichtemessung"},"content":{"rendered":"\n<h2 class=\"wp-block-heading\">Osteodensitometrie<\/h2>\n\n\n\n<p>Knochendichtemessung mittels &#8222;DPX&#8220;, dem Goldstandard f\u00fcr diese Untersuchung.<\/p>\n\n\n\n<p>Unsere Praxis hat die Zulassung zur Knochendichtemessung mittels DPX-Verfahren, dem &#8222;Goldstandard&#8220;, an dem sich alle anderen Methoden messen m\u00fcssen.<br>Es werden mit einem sehr d\u00fcnnen gefilterten R\u00f6ntgenstrahlf\u00e4cher Untersuchungen an der Lendenwirbels\u00e4ule und am Schenkelhals ausgef\u00fchrt.<br>Die Ergebnisse werden in Bezug zur Altersgruppe dargestellt und die Frakturwahrscheinlichkeit berechnet.<\/p>\n\n\n\n<figure class=\"wp-block-image\"><img decoding=\"async\" src=\"https:\/\/www.dr-w-koch.de\/images\/stories\/praxis\/osteoschenkelhals.jpg\" alt=\"\"\/><\/figure>\n\n\n\n<p>Besonders wichtig ist die Zweitmessung am proximalen Gesamtoberschenkel beiderseits, da Abnutzungserscheinungen der Lendenwirbels\u00e4ule und eventuelle Verkalkungen in der gro\u00dfen K\u00f6perschlagader die Messergebnisse an der Lendenwirbels\u00e4ule verf\u00e4lschen k\u00f6nnen. Diese Ver\u00e4nderungen gibt es am Schenkelhals nicht; leider sind die Messergebnisse am Schenkelhals aber nicht so genau.<\/p>\n\n\n\n<p><img decoding=\"async\" width=\"470\" src=\"https:\/\/www.dr-w-koch.de\/images\/stories\/praxis\/osteolws.jpg\" alt=\"Osteodensitometrie LWS\"><\/p>\n\n\n\n<p>Allen Patienten werden die ermittelten Daten genau erkl\u00e4rt, auf Wunsch geht ein Bericht an den Hausarzt.<br>Falls erforderlich, wird eine Therapie eingeleitet.Dies ist die Darstellung einer vollst\u00e4ndigen Aufzeichung der Knochendichte der Lendenwirbels\u00e4ule. Links ist das \u00dcbersichtsbild zu ersehen, rechts die Auswertung der Frakturwahrscheinlichkeit.Vor der Untersuchung erfolgt eine Befragung der Patienten, eine R\u00f6ntgenuntersuchung der Brust- oder Lendenwirbels\u00e4ule kann je nach Befund erforderlich werden.<\/p>\n","protected":false},"excerpt":{"rendered":"<p>Osteodensitometrie Knochendichtemessung mittels &#8222;DPX&#8220;, dem Goldstandard f\u00fcr diese Untersuchung. Unsere Praxis hat die Zulassung zur Knochendichtemessung mittels DPX-Verfahren, dem &#8222;Goldstandard&#8220;, an dem sich alle anderen Methoden messen m\u00fcssen.Es werden mit einem sehr d\u00fcnnen gefilterten R\u00f6ntgenstrahlf\u00e4cher Untersuchungen an der Lendenwirbels\u00e4ule und am Schenkelhals ausgef\u00fchrt.Die Ergebnisse werden in Bezug zur Altersgruppe dargestellt und die Frakturwahrscheinlichkeit berechnet. Besonders [&hellip;]<\/p>\n","protected":false},"author":1,"featured_media":0,"parent":0,"menu_order":0,"comment_status":"closed","ping_status":"closed","template":"","meta":{"footnotes":""},"class_list":["post-331","page","type-page","status-publish","hentry"],"yoast_head":"<!-- This site is optimized with the Yoast SEO plugin v27.5 - https:\/\/yoast.com\/product\/yoast-seo-wordpress\/ -->\n<title>Knochendichtemessung - Praxis Prof. Dr. Koch und Kollegen<\/title>\n<meta name=\"description\" content=\"Unsere Praxis hat die Zulassung zur Knochendichtemessung\/Osteodensitometrie mittels DPX-Verfahren, dem &quot;Goldstandard&quot;.\" \/>\n<meta name=\"robots\" content=\"index, follow, max-snippet:-1, max-image-preview:large, max-video-preview:-1\" \/>\n<link rel=\"canonical\" href=\"https:\/\/www.dr-w-koch.de\/web\/knochendichtemessung\/\" \/>\n<meta property=\"og:locale\" content=\"de_DE\" \/>\n<meta property=\"og:type\" content=\"article\" \/>\n<meta property=\"og:title\" content=\"Knochendichtemessung - Praxis Prof. Dr. Koch und Kollegen\" \/>\n<meta property=\"og:description\" content=\"Unsere Praxis hat die Zulassung zur Knochendichtemessung\/Osteodensitometrie mittels DPX-Verfahren, dem &quot;Goldstandard&quot;.\" \/>\n<meta property=\"og:url\" content=\"https:\/\/www.dr-w-koch.de\/web\/knochendichtemessung\/\" \/>\n<meta property=\"og:site_name\" content=\"Praxis Prof. Dr. Koch und Kollegen\" \/>\n<meta property=\"article:modified_time\" content=\"2023-02-19T09:08:28+00:00\" \/>\n<meta property=\"og:image\" content=\"https:\/\/www.dr-w-koch.de\/images\/stories\/praxis\/osteoschenkelhals.jpg\" \/>\n<meta name=\"twitter:card\" content=\"summary_large_image\" \/>\n<meta name=\"twitter:label1\" content=\"Gesch\u00e4tzte Lesezeit\" \/>\n\t<meta name=\"twitter:data1\" content=\"2\u00a0Minuten\" \/>\n<!-- \/ Yoast SEO plugin. -->","yoast_head_json":{"title":"Knochendichtemessung - Praxis Prof. Dr. Koch und Kollegen","description":"Unsere Praxis hat die Zulassung zur Knochendichtemessung\/Osteodensitometrie mittels DPX-Verfahren, dem \"Goldstandard\".","robots":{"index":"index","follow":"follow","max-snippet":"max-snippet:-1","max-image-preview":"max-image-preview:large","max-video-preview":"max-video-preview:-1"},"canonical":"https:\/\/www.dr-w-koch.de\/web\/knochendichtemessung\/","og_locale":"de_DE","og_type":"article","og_title":"Knochendichtemessung - Praxis Prof. Dr. Koch und Kollegen","og_description":"Unsere Praxis hat die Zulassung zur Knochendichtemessung\/Osteodensitometrie mittels DPX-Verfahren, dem \"Goldstandard\".","og_url":"https:\/\/www.dr-w-koch.de\/web\/knochendichtemessung\/","og_site_name":"Praxis Prof. Dr. Koch und Kollegen","article_modified_time":"2023-02-19T09:08:28+00:00","og_image":[{"url":"https:\/\/www.dr-w-koch.de\/images\/stories\/praxis\/osteoschenkelhals.jpg","type":"","width":"","height":""}],"twitter_card":"summary_large_image","twitter_misc":{"Gesch\u00e4tzte Lesezeit":"2\u00a0Minuten"},"schema":{"@context":"https:\/\/schema.org","@graph":[{"@type":"WebPage","@id":"https:\/\/www.dr-w-koch.de\/web\/knochendichtemessung\/","url":"https:\/\/www.dr-w-koch.de\/web\/knochendichtemessung\/","name":"Knochendichtemessung - Praxis Prof. Dr. Koch und Kollegen","isPartOf":{"@id":"https:\/\/www.dr-w-koch.de\/web\/#website"},"primaryImageOfPage":{"@id":"https:\/\/www.dr-w-koch.de\/web\/knochendichtemessung\/#primaryimage"},"image":{"@id":"https:\/\/www.dr-w-koch.de\/web\/knochendichtemessung\/#primaryimage"},"thumbnailUrl":"https:\/\/www.dr-w-koch.de\/images\/stories\/praxis\/osteoschenkelhals.jpg","datePublished":"2023-02-18T15:41:04+00:00","dateModified":"2023-02-19T09:08:28+00:00","description":"Unsere Praxis hat die Zulassung zur Knochendichtemessung\/Osteodensitometrie mittels DPX-Verfahren, dem \"Goldstandard\".","breadcrumb":{"@id":"https:\/\/www.dr-w-koch.de\/web\/knochendichtemessung\/#breadcrumb"},"inLanguage":"de","potentialAction":[{"@type":"ReadAction","target":["https:\/\/www.dr-w-koch.de\/web\/knochendichtemessung\/"]}]},{"@type":"ImageObject","inLanguage":"de","@id":"https:\/\/www.dr-w-koch.de\/web\/knochendichtemessung\/#primaryimage","url":"https:\/\/www.dr-w-koch.de\/images\/stories\/praxis\/osteoschenkelhals.jpg","contentUrl":"https:\/\/www.dr-w-koch.de\/images\/stories\/praxis\/osteoschenkelhals.jpg"},{"@type":"BreadcrumbList","@id":"https:\/\/www.dr-w-koch.de\/web\/knochendichtemessung\/#breadcrumb","itemListElement":[{"@type":"ListItem","position":1,"name":"Startseite","item":"https:\/\/www.dr-w-koch.de\/web\/"},{"@type":"ListItem","position":2,"name":"Knochendichtemessung"}]},{"@type":"WebSite","@id":"https:\/\/www.dr-w-koch.de\/web\/#website","url":"https:\/\/www.dr-w-koch.de\/web\/","name":"Praxis Prof. Dr. Koch und Kollegen","description":"Fach\u00e4rztliche und haus\u00e4rztliche Versorgung in Straubing","publisher":{"@id":"https:\/\/www.dr-w-koch.de\/web\/#organization"},"potentialAction":[{"@type":"SearchAction","target":{"@type":"EntryPoint","urlTemplate":"https:\/\/www.dr-w-koch.de\/web\/?s={search_term_string}"},"query-input":{"@type":"PropertyValueSpecification","valueRequired":true,"valueName":"search_term_string"}}],"inLanguage":"de"},{"@type":"Organization","@id":"https:\/\/www.dr-w-koch.de\/web\/#organization","name":"Gemeinschaftspraxis Prof. Dr. med. Walter Koch, Dr. med. univ. Verena Zahn, Dr. med. Tanja-Karola Beikler","url":"https:\/\/www.dr-w-koch.de\/web\/","logo":{"@type":"ImageObject","inLanguage":"de","@id":"https:\/\/www.dr-w-koch.de\/web\/#\/schema\/logo\/image\/","url":"https:\/\/www.dr-w-koch.de\/web\/wp-content\/uploads\/2023\/02\/KochLogo.jpg","contentUrl":"https:\/\/www.dr-w-koch.de\/web\/wp-content\/uploads\/2023\/02\/KochLogo.jpg","width":344,"height":236,"caption":"Gemeinschaftspraxis Prof. Dr. med. Walter Koch, Dr. med. univ. Verena Zahn, Dr. med. Tanja-Karola Beikler"},"image":{"@id":"https:\/\/www.dr-w-koch.de\/web\/#\/schema\/logo\/image\/"}}]}},"_links":{"self":[{"href":"https:\/\/www.dr-w-koch.de\/web\/wp-json\/wp\/v2\/pages\/331","targetHints":{"allow":["GET"]}}],"collection":[{"href":"https:\/\/www.dr-w-koch.de\/web\/wp-json\/wp\/v2\/pages"}],"about":[{"href":"https:\/\/www.dr-w-koch.de\/web\/wp-json\/wp\/v2\/types\/page"}],"author":[{"embeddable":true,"href":"https:\/\/www.dr-w-koch.de\/web\/wp-json\/wp\/v2\/users\/1"}],"replies":[{"embeddable":true,"href":"https:\/\/www.dr-w-koch.de\/web\/wp-json\/wp\/v2\/comments?post=331"}],"version-history":[{"count":1,"href":"https:\/\/www.dr-w-koch.de\/web\/wp-json\/wp\/v2\/pages\/331\/revisions"}],"predecessor-version":[{"id":332,"href":"https:\/\/www.dr-w-koch.de\/web\/wp-json\/wp\/v2\/pages\/331\/revisions\/332"}],"wp:attachment":[{"href":"https:\/\/www.dr-w-koch.de\/web\/wp-json\/wp\/v2\/media?parent=331"}],"curies":[{"name":"wp","href":"https:\/\/api.w.org\/{rel}","templated":true}]}}