{"id":389,"date":"2023-02-20T08:31:48","date_gmt":"2023-02-20T08:31:48","guid":{"rendered":"https:\/\/www.dr-w-koch.de\/web\/?page_id=389"},"modified":"2025-12-25T20:08:35","modified_gmt":"2025-12-25T20:08:35","slug":"praxisteam","status":"publish","type":"page","link":"https:\/\/www.dr-w-koch.de\/web\/praxisteam\/","title":{"rendered":"Praxisteam"},"content":{"rendered":"\n<figure class=\"wp-block-image size-large\"><img loading=\"lazy\" decoding=\"async\" width=\"1024\" height=\"227\" src=\"https:\/\/www.dr-w-koch.de\/web\/wp-content\/uploads\/2023\/02\/mitarbeiter-1024x227.jpg\" alt=\"\" class=\"wp-image-390\" srcset=\"https:\/\/www.dr-w-koch.de\/web\/wp-content\/uploads\/2023\/02\/mitarbeiter-1024x227.jpg 1024w, https:\/\/www.dr-w-koch.de\/web\/wp-content\/uploads\/2023\/02\/mitarbeiter-300x67.jpg 300w, https:\/\/www.dr-w-koch.de\/web\/wp-content\/uploads\/2023\/02\/mitarbeiter-768x170.jpg 768w, https:\/\/www.dr-w-koch.de\/web\/wp-content\/uploads\/2023\/02\/mitarbeiter.jpg 1500w\" sizes=\"auto, (max-width: 1024px) 100vw, 1024px\" \/><\/figure>\n\n\n\n<h2 class=\"wp-block-heading\">\u00c4rzteteam<\/h2>\n\n\n\n<figure class=\"wp-block-image size-full\"><img loading=\"lazy\" decoding=\"async\" width=\"400\" height=\"556\" src=\"https:\/\/www.dr-w-koch.de\/web\/wp-content\/uploads\/2023\/02\/profkochjun.jpg\" alt=\"\" class=\"wp-image-391\" srcset=\"https:\/\/www.dr-w-koch.de\/web\/wp-content\/uploads\/2023\/02\/profkochjun.jpg 400w, https:\/\/www.dr-w-koch.de\/web\/wp-content\/uploads\/2023\/02\/profkochjun-216x300.jpg 216w\" sizes=\"auto, (max-width: 400px) 100vw, 400px\" \/><figcaption class=\"wp-element-caption\">Prof. Dr. med. Walter Koch<\/figcaption><\/figure>\n\n\n\n<h2 class=\"wp-block-heading\">Prof. Dr. med. Walter Koch jun.<\/h2>\n\n\n\n<p>Facharzt f\u00fcr Nuklearmedizin<br>(alle Kassen)<br>Facharzt f\u00fcr Radiologie<br>(nur privat)<br>Hochschullehrer der LMU M\u00fcnchen<br>Mitglied des Arbeitskreises niedergelassender Fach\u00e4rzte Straubing-Bogen e.V.<\/p>\n\n\n\n<p><\/p>\n\n\n\n<figure class=\"wp-block-image size-full\"><img loading=\"lazy\" decoding=\"async\" width=\"400\" height=\"556\" src=\"https:\/\/www.dr-w-koch.de\/web\/wp-content\/uploads\/2023\/02\/drbeikler.jpg\" alt=\"\" class=\"wp-image-393\" srcset=\"https:\/\/www.dr-w-koch.de\/web\/wp-content\/uploads\/2023\/02\/drbeikler.jpg 400w, https:\/\/www.dr-w-koch.de\/web\/wp-content\/uploads\/2023\/02\/drbeikler-216x300.jpg 216w\" sizes=\"auto, (max-width: 400px) 100vw, 400px\" \/><figcaption class=\"wp-element-caption\">Dr. med. Tanja-Karola Beikler<\/figcaption><\/figure>\n\n\n\n<h2 class=\"wp-block-heading\">Dr. med. Tanja-Karola Beikler (angestellte \u00c4rztin)<\/h2>\n\n\n\n<p>Internistin<br>Endokrinologin<br>Diabetologin<br>Internistisches R\u00f6ntgen<br>Palliativmedizin<br>Notfallmedizin<\/p>\n\n\n\n<figure class=\"wp-block-image size-large\"><img decoding=\"async\" src=\"\/web\/wp-content\/uploads\/2023\/02\/drpiukovic.jpg\" alt=\"\"\/><figcaption class=\"wp-element-caption\">Dr. Zorica Piukovic<\/figcaption><\/figure>\n\n\n\n<h2 class=\"wp-block-heading\">Dr. Zorica Piukovic (angestellte \u00c4rztin)<\/h2>\n\n\n\n<p>Internistin<sup data-fn=\"66665662-4799-48a4-a514-9815ecd48a78\" class=\"fn\"><a id=\"66665662-4799-48a4-a514-9815ecd48a78-link\" href=\"#66665662-4799-48a4-a514-9815ecd48a78\">1<\/a><\/sup><\/p>\n\n\n\n<figure class=\"wp-block-image size-full\"><img loading=\"lazy\" decoding=\"async\" width=\"400\" height=\"556\" src=\"https:\/\/www.dr-w-koch.de\/web\/wp-content\/uploads\/2023\/02\/drnicolekoch.jpg\" alt=\"\" class=\"wp-image-394\" srcset=\"https:\/\/www.dr-w-koch.de\/web\/wp-content\/uploads\/2023\/02\/drnicolekoch.jpg 400w, https:\/\/www.dr-w-koch.de\/web\/wp-content\/uploads\/2023\/02\/drnicolekoch-216x300.jpg 216w\" sizes=\"auto, (max-width: 400px) 100vw, 400px\" \/><figcaption class=\"wp-element-caption\">Dr. med. Nicole Koch<\/figcaption><\/figure>\n\n\n\n<h2 class=\"wp-block-heading\">Dr. med. Nicole Koch<\/h2>\n\n\n\n<p>Fach\u00e4rztin f\u00fcr Psychiatrie und Psychotherapie<br>(Privatpraxis)<\/p>\n\n\n\n<h2 class=\"wp-block-heading\">Praxismanagerin<\/h2>\n\n\n\n<figure class=\"wp-block-image size-full\"><img loading=\"lazy\" decoding=\"async\" width=\"300\" height=\"417\" src=\"https:\/\/www.dr-w-koch.de\/web\/wp-content\/uploads\/2023\/02\/marionbaumann.jpg\" alt=\"\" class=\"wp-image-395\" srcset=\"https:\/\/www.dr-w-koch.de\/web\/wp-content\/uploads\/2023\/02\/marionbaumann.jpg 300w, https:\/\/www.dr-w-koch.de\/web\/wp-content\/uploads\/2023\/02\/marionbaumann-216x300.jpg 216w\" sizes=\"auto, (max-width: 300px) 100vw, 300px\" \/><figcaption class=\"wp-element-caption\">Marion Baumann<\/figcaption><\/figure>\n\n\n\n<p>Marion Baumann<\/p>\n\n\n<ol class=\"wp-block-footnotes\"><li id=\"66665662-4799-48a4-a514-9815ecd48a78\">Haus\u00e4rztliche Versorgung <a href=\"#66665662-4799-48a4-a514-9815ecd48a78-link\" aria-label=\"Zur Fu\u00dfnotenreferenz 1 navigieren\">\u21a9\ufe0e<\/a><\/li><\/ol>","protected":false},"excerpt":{"rendered":"<p>\u00c4rzteteam Prof. Dr. med. Walter Koch jun. Facharzt f\u00fcr Nuklearmedizin(alle Kassen)Facharzt f\u00fcr Radiologie(nur privat)Hochschullehrer der LMU M\u00fcnchenMitglied des Arbeitskreises niedergelassender Fach\u00e4rzte Straubing-Bogen e.V. Dr. med. Tanja-Karola Beikler (angestellte \u00c4rztin) InternistinEndokrinologinDiabetologinInternistisches R\u00f6ntgenPalliativmedizinNotfallmedizin Dr. Zorica Piukovic (angestellte \u00c4rztin) Internistin1 Dr. med. Nicole Koch Fach\u00e4rztin f\u00fcr Psychiatrie und Psychotherapie(Privatpraxis) Praxismanagerin Marion Baumann<\/p>\n","protected":false},"author":1,"featured_media":0,"parent":0,"menu_order":0,"comment_status":"closed","ping_status":"closed","template":"","meta":{"footnotes":"[{\"content\":\"Haus\u00e4rztliche Versorgung\",\"id\":\"66665662-4799-48a4-a514-9815ecd48a78\"}]"},"class_list":["post-389","page","type-page","status-publish","hentry"],"yoast_head":"<!-- This site is optimized with the Yoast SEO plugin v27.3 - https:\/\/yoast.com\/product\/yoast-seo-wordpress\/ -->\n<title>Praxisteam - Praxis Prof. Dr. Koch und Kollegen<\/title>\n<meta name=\"description\" content=\"In der Praxis sorgen Prof. Dr. Walter Koch, Dr. Verena Zahn, Dr. Tanja-Karola Beikler und Dr. Nicole Koch f\u00fcr Ihre \u00e4rztliche Versorgung.\" \/>\n<meta name=\"robots\" content=\"index, follow, max-snippet:-1, max-image-preview:large, max-video-preview:-1\" \/>\n<link rel=\"canonical\" href=\"https:\/\/www.dr-w-koch.de\/web\/praxisteam\/\" \/>\n<meta property=\"og:locale\" content=\"de_DE\" \/>\n<meta property=\"og:type\" content=\"article\" \/>\n<meta property=\"og:title\" content=\"Praxisteam - Praxis Prof. Dr. Koch und Kollegen\" \/>\n<meta property=\"og:description\" content=\"In der Praxis sorgen Prof. Dr. Walter Koch, Dr. Verena Zahn, Dr. Tanja-Karola Beikler und Dr. Nicole Koch f\u00fcr Ihre \u00e4rztliche Versorgung.\" \/>\n<meta property=\"og:url\" content=\"https:\/\/www.dr-w-koch.de\/web\/praxisteam\/\" \/>\n<meta property=\"og:site_name\" content=\"Praxis Prof. Dr. Koch und Kollegen\" \/>\n<meta property=\"article:modified_time\" content=\"2025-12-25T20:08:35+00:00\" \/>\n<meta property=\"og:image\" content=\"https:\/\/www.dr-w-koch.de\/web\/wp-content\/uploads\/2023\/02\/mitarbeiter.jpg\" \/>\n\t<meta property=\"og:image:width\" content=\"1500\" \/>\n\t<meta property=\"og:image:height\" content=\"333\" \/>\n\t<meta property=\"og:image:type\" content=\"image\/jpeg\" \/>\n<meta name=\"twitter:card\" content=\"summary_large_image\" \/>\n<meta name=\"twitter:label1\" content=\"Gesch\u00e4tzte Lesezeit\" \/>\n\t<meta name=\"twitter:data1\" content=\"2\u00a0Minuten\" \/>\n<!-- \/ Yoast SEO plugin. -->","yoast_head_json":{"title":"Praxisteam - Praxis Prof. Dr. Koch und Kollegen","description":"In der Praxis sorgen Prof. Dr. Walter Koch, Dr. Verena Zahn, Dr. Tanja-Karola Beikler und Dr. Nicole Koch f\u00fcr Ihre \u00e4rztliche Versorgung.","robots":{"index":"index","follow":"follow","max-snippet":"max-snippet:-1","max-image-preview":"max-image-preview:large","max-video-preview":"max-video-preview:-1"},"canonical":"https:\/\/www.dr-w-koch.de\/web\/praxisteam\/","og_locale":"de_DE","og_type":"article","og_title":"Praxisteam - Praxis Prof. Dr. Koch und Kollegen","og_description":"In der Praxis sorgen Prof. Dr. Walter Koch, Dr. Verena Zahn, Dr. Tanja-Karola Beikler und Dr. Nicole Koch f\u00fcr Ihre \u00e4rztliche Versorgung.","og_url":"https:\/\/www.dr-w-koch.de\/web\/praxisteam\/","og_site_name":"Praxis Prof. Dr. Koch und Kollegen","article_modified_time":"2025-12-25T20:08:35+00:00","og_image":[{"width":1500,"height":333,"url":"https:\/\/www.dr-w-koch.de\/web\/wp-content\/uploads\/2023\/02\/mitarbeiter.jpg","type":"image\/jpeg"}],"twitter_card":"summary_large_image","twitter_misc":{"Gesch\u00e4tzte Lesezeit":"2\u00a0Minuten"},"schema":{"@context":"https:\/\/schema.org","@graph":[{"@type":"WebPage","@id":"https:\/\/www.dr-w-koch.de\/web\/praxisteam\/","url":"https:\/\/www.dr-w-koch.de\/web\/praxisteam\/","name":"Praxisteam - Praxis Prof. Dr. Koch und Kollegen","isPartOf":{"@id":"https:\/\/www.dr-w-koch.de\/web\/#website"},"primaryImageOfPage":{"@id":"https:\/\/www.dr-w-koch.de\/web\/praxisteam\/#primaryimage"},"image":{"@id":"https:\/\/www.dr-w-koch.de\/web\/praxisteam\/#primaryimage"},"thumbnailUrl":"https:\/\/www.dr-w-koch.de\/web\/wp-content\/uploads\/2023\/02\/mitarbeiter-1024x227.jpg","datePublished":"2023-02-20T08:31:48+00:00","dateModified":"2025-12-25T20:08:35+00:00","description":"In der Praxis sorgen Prof. Dr. Walter Koch, Dr. Verena Zahn, Dr. Tanja-Karola Beikler und Dr. Nicole Koch f\u00fcr Ihre \u00e4rztliche Versorgung.","breadcrumb":{"@id":"https:\/\/www.dr-w-koch.de\/web\/praxisteam\/#breadcrumb"},"inLanguage":"de","potentialAction":[{"@type":"ReadAction","target":["https:\/\/www.dr-w-koch.de\/web\/praxisteam\/"]}]},{"@type":"ImageObject","inLanguage":"de","@id":"https:\/\/www.dr-w-koch.de\/web\/praxisteam\/#primaryimage","url":"https:\/\/www.dr-w-koch.de\/web\/wp-content\/uploads\/2023\/02\/mitarbeiter.jpg","contentUrl":"https:\/\/www.dr-w-koch.de\/web\/wp-content\/uploads\/2023\/02\/mitarbeiter.jpg","width":1500,"height":333},{"@type":"BreadcrumbList","@id":"https:\/\/www.dr-w-koch.de\/web\/praxisteam\/#breadcrumb","itemListElement":[{"@type":"ListItem","position":1,"name":"Startseite","item":"https:\/\/www.dr-w-koch.de\/web\/"},{"@type":"ListItem","position":2,"name":"Praxisteam"}]},{"@type":"WebSite","@id":"https:\/\/www.dr-w-koch.de\/web\/#website","url":"https:\/\/www.dr-w-koch.de\/web\/","name":"Praxis Prof. Dr. Koch und Kollegen","description":"Fach\u00e4rztliche und haus\u00e4rztliche Versorgung in Straubing","publisher":{"@id":"https:\/\/www.dr-w-koch.de\/web\/#organization"},"potentialAction":[{"@type":"SearchAction","target":{"@type":"EntryPoint","urlTemplate":"https:\/\/www.dr-w-koch.de\/web\/?s={search_term_string}"},"query-input":{"@type":"PropertyValueSpecification","valueRequired":true,"valueName":"search_term_string"}}],"inLanguage":"de"},{"@type":"Organization","@id":"https:\/\/www.dr-w-koch.de\/web\/#organization","name":"Gemeinschaftspraxis Prof. Dr. med. Walter Koch, Dr. med. univ. Verena Zahn, Dr. med. Tanja-Karola Beikler","url":"https:\/\/www.dr-w-koch.de\/web\/","logo":{"@type":"ImageObject","inLanguage":"de","@id":"https:\/\/www.dr-w-koch.de\/web\/#\/schema\/logo\/image\/","url":"https:\/\/www.dr-w-koch.de\/web\/wp-content\/uploads\/2023\/02\/KochLogo.jpg","contentUrl":"https:\/\/www.dr-w-koch.de\/web\/wp-content\/uploads\/2023\/02\/KochLogo.jpg","width":344,"height":236,"caption":"Gemeinschaftspraxis Prof. Dr. med. Walter Koch, Dr. med. univ. Verena Zahn, Dr. med. Tanja-Karola Beikler"},"image":{"@id":"https:\/\/www.dr-w-koch.de\/web\/#\/schema\/logo\/image\/"}}]}},"_links":{"self":[{"href":"https:\/\/www.dr-w-koch.de\/web\/wp-json\/wp\/v2\/pages\/389","targetHints":{"allow":["GET"]}}],"collection":[{"href":"https:\/\/www.dr-w-koch.de\/web\/wp-json\/wp\/v2\/pages"}],"about":[{"href":"https:\/\/www.dr-w-koch.de\/web\/wp-json\/wp\/v2\/types\/page"}],"author":[{"embeddable":true,"href":"https:\/\/www.dr-w-koch.de\/web\/wp-json\/wp\/v2\/users\/1"}],"replies":[{"embeddable":true,"href":"https:\/\/www.dr-w-koch.de\/web\/wp-json\/wp\/v2\/comments?post=389"}],"version-history":[{"count":5,"href":"https:\/\/www.dr-w-koch.de\/web\/wp-json\/wp\/v2\/pages\/389\/revisions"}],"predecessor-version":[{"id":476,"href":"https:\/\/www.dr-w-koch.de\/web\/wp-json\/wp\/v2\/pages\/389\/revisions\/476"}],"wp:attachment":[{"href":"https:\/\/www.dr-w-koch.de\/web\/wp-json\/wp\/v2\/media?parent=389"}],"curies":[{"name":"wp","href":"https:\/\/api.w.org\/{rel}","templated":true}]}}