{"id":4,"date":"2023-02-12T08:34:59","date_gmt":"2023-02-12T08:34:59","guid":{"rendered":"https:\/\/www.dr-w-koch.de\/web\/willkommen-auf-http-wp-dr-w-koch-de\/"},"modified":"2025-12-25T20:11:47","modified_gmt":"2025-12-25T20:11:47","slug":"willkommen","status":"publish","type":"page","link":"https:\/\/www.dr-w-koch.de\/web\/","title":{"rendered":"Liebe Besucherin, lieber Besucher,"},"content":{"rendered":"\n<p>wir freuen uns \u00fcber Ihren Besuch auf unseren Internetseiten. Wir haben hier f\u00fcr Sie Informationen \u00fcber unsere Praxis, unser Leistungsspektrum und unsere Spezialisierungen zusammengestellt. Sie k\u00f6nnen sich hier \u00fcber die bei uns durchgef\u00fchrten besonderen Untersuchungs- und Behandlungsverfahren umfassend informieren und wir w\u00fcnschen Ihnen viel Freude bei der Lekt\u00fcre.<\/p>\n\n\n\n<p><strong>Unsere Fachbereiche sind:<\/strong><br>Innere Medizin, Nuklearmedizin, Schilddr\u00fcsendiagnostik, Endokrinologie, Diabetologie, Psychiatrie, Psychotherapie, Akupunktur und Radiologie<\/p>\n\n\n\n<p><\/p>\n\n\n\n<blockquote class=\"wp-block-quote is-layout-flow wp-block-quote-is-layout-flow\">\n<p>Unsere Praxis wurde 1977 gegr\u00fcndet und hat sich seitdem stets weiterentwickelt. Wir haben uns auf den Fachbereich Schildd\u00fcse und Endokrinologie spezialisiert, bieten aber auch haus\u00e4rztliche Versorgung an.<\/p>\n<\/blockquote>\n\n\n\n<figure class=\"wp-block-image size-large\"><img loading=\"lazy\" decoding=\"async\" width=\"1024\" height=\"227\" src=\"https:\/\/www.dr-w-koch.de\/web\/wp-content\/uploads\/2023\/02\/mitarbeiter-1024x227.jpg\" alt=\"\" class=\"wp-image-390\" srcset=\"https:\/\/www.dr-w-koch.de\/web\/wp-content\/uploads\/2023\/02\/mitarbeiter-1024x227.jpg 1024w, https:\/\/www.dr-w-koch.de\/web\/wp-content\/uploads\/2023\/02\/mitarbeiter-300x67.jpg 300w, https:\/\/www.dr-w-koch.de\/web\/wp-content\/uploads\/2023\/02\/mitarbeiter-768x170.jpg 768w, https:\/\/www.dr-w-koch.de\/web\/wp-content\/uploads\/2023\/02\/mitarbeiter.jpg 1500w\" sizes=\"auto, (max-width: 1024px) 100vw, 1024px\" \/><\/figure>\n\n\n\n<div id=\"wp-realtime-sitemap-pages\"><h3>Seiten<\/h3><ul><li class=\"page_item page-item-399\"><a href=\"https:\/\/www.dr-w-koch.de\/web\/anfahrt\/\">Anfahrt<\/a><\/li>\n<li class=\"page_item page-item-42\"><a href=\"https:\/\/www.dr-w-koch.de\/web\/endokrinologie\/\">Endokrinologie<\/a><\/li>\n<li class=\"page_item page-item-320\"><a href=\"https:\/\/www.dr-w-koch.de\/web\/gehirnszintigraphie\/\">Gehirn\/Nervensystem<\/a><\/li>\n<li class=\"page_item page-item-318\"><a href=\"https:\/\/www.dr-w-koch.de\/web\/nuklearmedizinische-herzdiagnostik\/\">Herzerkrankungen<\/a><\/li>\n<li class=\"page_item page-item-18\"><a href=\"https:\/\/www.dr-w-koch.de\/web\/impressum\/\">Impressum<\/a><\/li>\n<li class=\"page_item page-item-434\"><a href=\"https:\/\/www.dr-w-koch.de\/web\/jobs\/\">Jobs<\/a><\/li>\n<li class=\"page_item page-item-331\"><a href=\"https:\/\/www.dr-w-koch.de\/web\/knochendichtemessung\/\">Knochendichtemessung<\/a><\/li>\n<li class=\"page_item page-item-4\"><a href=\"https:\/\/www.dr-w-koch.de\/web\/\">Liebe Besucherin, lieber Besucher,<\/a><\/li>\n<li class=\"page_item page-item-324\"><a href=\"https:\/\/www.dr-w-koch.de\/web\/nuklearmedizinische-methoden\/\">Methoden<\/a><\/li>\n<li class=\"page_item page-item-322\"><a href=\"https:\/\/www.dr-w-koch.de\/web\/niere\/\">Niere<\/a><\/li>\n<li class=\"page_item page-item-44\"><a href=\"https:\/\/www.dr-w-koch.de\/web\/simple-clean-design\/\">Nuklearmedizin<\/a><\/li>\n<li class=\"page_item page-item-291\"><a href=\"https:\/\/www.dr-w-koch.de\/web\/nuklearmedizin-szintigraphie\/\">Nuklearmedizin, Tracerdiagnostik, Szintigraphie<\/a><\/li>\n<li class=\"page_item page-item-389\"><a href=\"https:\/\/www.dr-w-koch.de\/web\/praxisteam\/\">Praxisteam<\/a><\/li>\n<li class=\"page_item page-item-378\"><a href=\"https:\/\/www.dr-w-koch.de\/web\/psychiatrie-und-psychotherapie\/\">Psychiatrie und Psychotherapie<\/a><\/li>\n<li class=\"page_item page-item-46\"><a href=\"https:\/\/www.dr-w-koch.de\/web\/schilddruese\/\">Schilddr\u00fcse<\/a><\/li>\n<li class=\"page_item page-item-309\"><a href=\"https:\/\/www.dr-w-koch.de\/web\/schilddruesendiagnostik\/\">Schilddr\u00fcsendiagnostik<\/a><\/li>\n<li class=\"page_item page-item-305\"><a href=\"https:\/\/www.dr-w-koch.de\/web\/schilddruesenerkrankungen\/\">Schilddr\u00fcsenerkrankungen<\/a><\/li>\n<li class=\"page_item page-item-312\"><a href=\"https:\/\/www.dr-w-koch.de\/web\/schilddruesentherapie\/\">Schilddr\u00fcsentherapie<\/a><\/li>\n<li class=\"page_item page-item-341\"><a href=\"https:\/\/www.dr-w-koch.de\/web\/sprechzeiten-oeffnungszeiten\/\">Sprechzeiten<\/a><\/li>\n<li class=\"page_item page-item-315\"><a href=\"https:\/\/www.dr-w-koch.de\/web\/tumordiagnostik\/\">Tumordiagnostik<\/a><\/li>\n<\/ul><\/div>\n","protected":false},"excerpt":{"rendered":"<p>wir freuen uns \u00fcber Ihren Besuch auf unseren Internetseiten. Wir haben hier f\u00fcr Sie Informationen \u00fcber unsere Praxis, unser Leistungsspektrum und unsere Spezialisierungen zusammengestellt. Sie k\u00f6nnen sich hier \u00fcber die bei uns durchgef\u00fchrten besonderen Untersuchungs- und Behandlungsverfahren umfassend informieren und wir w\u00fcnschen Ihnen viel Freude bei der Lekt\u00fcre. Unsere Fachbereiche sind:Innere Medizin, Nuklearmedizin, Schilddr\u00fcsendiagnostik, Endokrinologie, [&hellip;]<\/p>\n","protected":false},"author":1,"featured_media":0,"parent":0,"menu_order":0,"comment_status":"closed","ping_status":"open","template":"","meta":{"footnotes":""},"class_list":["post-4","page","type-page","status-publish","hentry"],"yoast_head":"<!-- This site is optimized with the Yoast SEO plugin v27.3 - https:\/\/yoast.com\/product\/yoast-seo-wordpress\/ -->\n<title>Liebe Besucherin, lieber Besucher, - Praxis Prof. Dr. Koch und Kollegen<\/title>\n<meta name=\"description\" content=\"Willkommen in der Gemeinschaftspraxis Prof. Dr. med. Walter Koch, Dr. med. univ. Verena Zahn, Dr. med. Tanja-Karola Beikler\" \/>\n<meta name=\"robots\" content=\"index, follow, max-snippet:-1, max-image-preview:large, max-video-preview:-1\" \/>\n<link rel=\"canonical\" href=\"https:\/\/www.dr-w-koch.de\" \/>\n<meta property=\"og:locale\" content=\"de_DE\" \/>\n<meta property=\"og:type\" content=\"article\" \/>\n<meta property=\"og:title\" content=\"Liebe Besucherin, lieber Besucher, - Praxis Prof. Dr. Koch und Kollegen\" \/>\n<meta property=\"og:description\" content=\"Willkommen in der Gemeinschaftspraxis Prof. Dr. med. Walter Koch, Dr. med. univ. Verena Zahn, Dr. med. Tanja-Karola Beikler\" \/>\n<meta property=\"og:url\" content=\"https:\/\/www.dr-w-koch.de\" \/>\n<meta property=\"og:site_name\" content=\"Praxis Prof. Dr. Koch und Kollegen\" \/>\n<meta property=\"article:modified_time\" content=\"2025-12-25T20:11:47+00:00\" \/>\n<meta property=\"og:image\" content=\"http:\/\/www.dr-w-koch.de\/web\/wp-content\/uploads\/2023\/02\/mitarbeiter-1024x227.jpg\" \/>\n<meta name=\"twitter:card\" content=\"summary_large_image\" \/>\n<meta name=\"twitter:label1\" content=\"Gesch\u00e4tzte Lesezeit\" \/>\n\t<meta name=\"twitter:data1\" content=\"1\u00a0Minute\" \/>\n<!-- \/ Yoast SEO plugin. -->","yoast_head_json":{"title":"Liebe Besucherin, lieber Besucher, - Praxis Prof. Dr. Koch und Kollegen","description":"Willkommen in der Gemeinschaftspraxis Prof. Dr. med. Walter Koch, Dr. med. univ. Verena Zahn, Dr. med. Tanja-Karola Beikler","robots":{"index":"index","follow":"follow","max-snippet":"max-snippet:-1","max-image-preview":"max-image-preview:large","max-video-preview":"max-video-preview:-1"},"canonical":"https:\/\/www.dr-w-koch.de","og_locale":"de_DE","og_type":"article","og_title":"Liebe Besucherin, lieber Besucher, - Praxis Prof. Dr. Koch und Kollegen","og_description":"Willkommen in der Gemeinschaftspraxis Prof. Dr. med. Walter Koch, Dr. med. univ. Verena Zahn, Dr. med. Tanja-Karola Beikler","og_url":"https:\/\/www.dr-w-koch.de","og_site_name":"Praxis Prof. Dr. Koch und Kollegen","article_modified_time":"2025-12-25T20:11:47+00:00","og_image":[{"url":"http:\/\/www.dr-w-koch.de\/web\/wp-content\/uploads\/2023\/02\/mitarbeiter-1024x227.jpg","type":"","width":"","height":""}],"twitter_card":"summary_large_image","twitter_misc":{"Gesch\u00e4tzte Lesezeit":"1\u00a0Minute"},"schema":{"@context":"https:\/\/schema.org","@graph":[{"@type":"WebPage","@id":"https:\/\/www.dr-w-koch.de\/web\/","url":"https:\/\/www.dr-w-koch.de","name":"Liebe Besucherin, lieber Besucher, - Praxis Prof. Dr. Koch und Kollegen","isPartOf":{"@id":"https:\/\/www.dr-w-koch.de\/web\/#website"},"primaryImageOfPage":{"@id":"https:\/\/www.dr-w-koch.de#primaryimage"},"image":{"@id":"https:\/\/www.dr-w-koch.de#primaryimage"},"thumbnailUrl":"http:\/\/www.dr-w-koch.de\/web\/wp-content\/uploads\/2023\/02\/mitarbeiter-1024x227.jpg","datePublished":"2023-02-12T08:34:59+00:00","dateModified":"2025-12-25T20:11:47+00:00","description":"Willkommen in der Gemeinschaftspraxis Prof. Dr. med. Walter Koch, Dr. med. univ. Verena Zahn, Dr. med. Tanja-Karola Beikler","breadcrumb":{"@id":"https:\/\/www.dr-w-koch.de#breadcrumb"},"inLanguage":"de","potentialAction":[{"@type":"ReadAction","target":["https:\/\/www.dr-w-koch.de"]}]},{"@type":"ImageObject","inLanguage":"de","@id":"https:\/\/www.dr-w-koch.de#primaryimage","url":"http:\/\/www.dr-w-koch.de\/web\/wp-content\/uploads\/2023\/02\/mitarbeiter-1024x227.jpg","contentUrl":"http:\/\/www.dr-w-koch.de\/web\/wp-content\/uploads\/2023\/02\/mitarbeiter-1024x227.jpg"},{"@type":"BreadcrumbList","@id":"https:\/\/www.dr-w-koch.de#breadcrumb","itemListElement":[{"@type":"ListItem","position":1,"name":"Startseite","item":"https:\/\/www.dr-w-koch.de\/web\/"},{"@type":"ListItem","position":2,"name":"Liebe Besucherin, lieber Besucher,"}]},{"@type":"WebSite","@id":"https:\/\/www.dr-w-koch.de\/web\/#website","url":"https:\/\/www.dr-w-koch.de\/web\/","name":"Praxis Prof. Dr. Koch und Kollegen","description":"Fach\u00e4rztliche und haus\u00e4rztliche Versorgung in Straubing","publisher":{"@id":"https:\/\/www.dr-w-koch.de\/web\/#organization"},"potentialAction":[{"@type":"SearchAction","target":{"@type":"EntryPoint","urlTemplate":"https:\/\/www.dr-w-koch.de\/web\/?s={search_term_string}"},"query-input":{"@type":"PropertyValueSpecification","valueRequired":true,"valueName":"search_term_string"}}],"inLanguage":"de"},{"@type":"Organization","@id":"https:\/\/www.dr-w-koch.de\/web\/#organization","name":"Gemeinschaftspraxis Prof. Dr. med. Walter Koch, Dr. med. univ. Verena Zahn, Dr. med. Tanja-Karola Beikler","url":"https:\/\/www.dr-w-koch.de\/web\/","logo":{"@type":"ImageObject","inLanguage":"de","@id":"https:\/\/www.dr-w-koch.de\/web\/#\/schema\/logo\/image\/","url":"https:\/\/www.dr-w-koch.de\/web\/wp-content\/uploads\/2023\/02\/KochLogo.jpg","contentUrl":"https:\/\/www.dr-w-koch.de\/web\/wp-content\/uploads\/2023\/02\/KochLogo.jpg","width":344,"height":236,"caption":"Gemeinschaftspraxis Prof. Dr. med. Walter Koch, Dr. med. univ. Verena Zahn, Dr. med. Tanja-Karola Beikler"},"image":{"@id":"https:\/\/www.dr-w-koch.de\/web\/#\/schema\/logo\/image\/"}}]}},"_links":{"self":[{"href":"https:\/\/www.dr-w-koch.de\/web\/wp-json\/wp\/v2\/pages\/4","targetHints":{"allow":["GET"]}}],"collection":[{"href":"https:\/\/www.dr-w-koch.de\/web\/wp-json\/wp\/v2\/pages"}],"about":[{"href":"https:\/\/www.dr-w-koch.de\/web\/wp-json\/wp\/v2\/types\/page"}],"author":[{"embeddable":true,"href":"https:\/\/www.dr-w-koch.de\/web\/wp-json\/wp\/v2\/users\/1"}],"replies":[{"embeddable":true,"href":"https:\/\/www.dr-w-koch.de\/web\/wp-json\/wp\/v2\/comments?post=4"}],"version-history":[{"count":6,"href":"https:\/\/www.dr-w-koch.de\/web\/wp-json\/wp\/v2\/pages\/4\/revisions"}],"predecessor-version":[{"id":479,"href":"https:\/\/www.dr-w-koch.de\/web\/wp-json\/wp\/v2\/pages\/4\/revisions\/479"}],"wp:attachment":[{"href":"https:\/\/www.dr-w-koch.de\/web\/wp-json\/wp\/v2\/media?parent=4"}],"curies":[{"name":"wp","href":"https:\/\/api.w.org\/{rel}","templated":true}]}}